{"id":20208413,"date":"2024-02-05T13:27:11","date_gmt":"2024-02-05T12:27:11","guid":{"rendered":"https:\/\/www.eleonoraanzini.com\/brand-logo-design\/"},"modified":"2025-02-17T10:50:34","modified_gmt":"2025-02-17T09:50:34","slug":"brand-logo-design","status":"publish","type":"page","link":"https:\/\/www.eleonoraanzini.com\/it\/servizi\/brand-design\/brand-logo-design\/","title":{"rendered":"Brand &amp; Logo Design"},"content":{"rendered":"<p>[et_pb_section fb_built=&#8221;1&#8243; _builder_version=&#8221;4.24.0&#8243; _module_preset=&#8221;default&#8221; custom_margin=&#8221;||||false|false&#8221; custom_padding=&#8221;20px||20px||false|false&#8221; global_colors_info=&#8221;{}&#8221; theme_builder_area=&#8221;post_content&#8221;][et_pb_row column_structure=&#8221;3_5,2_5&#8243; _builder_version=&#8221;4.24.0&#8243; _module_preset=&#8221;default&#8221; global_colors_info=&#8221;{}&#8221; theme_builder_area=&#8221;post_content&#8221;][et_pb_column type=&#8221;3_5&#8243; _builder_version=&#8221;4.24.0&#8243; _module_preset=&#8221;default&#8221; global_colors_info=&#8221;{}&#8221; theme_builder_area=&#8221;post_content&#8221;][et_pb_text _builder_version=&#8221;4.24.0&#8243; _module_preset=&#8221;default&#8221; global_colors_info=&#8221;{}&#8221; theme_builder_area=&#8221;post_content&#8221;]<\/p>\n<p><em>Il tuo marchio \u00e8 la tua storia personale ed \u00e8 ci\u00f2 che ti rende speciale. Come puoi assicurarti che la tua storia raggiunga le persone giuste? \u200bCome trasformare la tua idea in un design che attiri l&#8217;attenzione, crei fiducia e aiuti la tua azienda a crescere? \u00c8 proprio qui che posso aiutarti.<\/em><\/p>\n<p>Sono specializzata nella creazione di design per marchi e amo aiutare freelance, startup e piccole\/medie imprese a raggiungere il loro pieno potenziale. Non realizzo solo loghi e grafiche. Studio in profondit\u00e0 ci\u00f2 che il tuo marchio rappresenta, chi sono i tuoi clienti e cosa stanno facendo gli altri nel tuo settore. Questo mi aiuta a creare un&#8217;immagine coerente che parla direttamente alle persone che vuoi raggiungere.<\/p>\n<p>I miei design non sono solo esteticamente belli, ma sono anche realizzati per aiutarti a raggiungere i tuoi obiettivi aziendali. Se vuoi che pi\u00f9 persone conoscano il tuo business, aumentare le vendite o diventare un leader nel tuo campo, io posso aiutarti creando una strategia di design per arrivare al tuo obiettivo. Il mio stile \u00e8 personale, ma si basa sempre sulla personalit\u00e0 della tua attivit\u00e0 e sul target che vuoi raggiungere. Qui non troverai tendenze passeggere. Invece, avrai un marchio &#8220;senza tempo&#8221;, che si collega con i tuoi clienti ideali e aiuta la tua attivit\u00e0 a crescere.<\/p>\n<p>[\/et_pb_text][et_pb_toggle title=&#8221;Come Funziona?&#8221; open_toggle_background_color=&#8221;#F7F5ED&#8221; closed_toggle_text_color=&#8221;#000000&#8243; closed_toggle_background_color=&#8221;#F7F5ED&#8221; icon_color=&#8221;#F54F63&#8243; toggle_icon=&#8221;&#xf063;||fa||900&#8243; open_icon_color=&#8221;#F54F63&#8243; open_toggle_icon=&#8221;&#xf062;||fa||900&#8243; _builder_version=&#8221;4.24.1&#8243; _module_preset=&#8221;default&#8221; title_level=&#8221;h3&#8243; custom_margin=&#8221;||0px||false|false&#8221; custom_padding=&#8221;10px|10px|10px|10px|true|true&#8221; border_width_all=&#8221;0px&#8221; border_width_bottom=&#8221;3px&#8221; border_color_bottom=&#8221;#000000&#8243; border_style_bottom=&#8221;dotted&#8221; locked=&#8221;off&#8221; global_colors_info=&#8221;{}&#8221; theme_builder_area=&#8221;post_content&#8221;]<\/p>\n<p><strong>Passo 1 &#8211; Collaborazione e Discussione<\/strong><\/p>\n<p>Esploriamo la tua visione, i valori e il pubblico di riferimento e elaboriamo una strategia che guidi ogni decisione di design.<\/p>\n<p><strong>Passo 2 &#8211; Esplorazione Creativa<\/strong><\/p>\n<p>Focalizzo la mia esperienza per sviluppare due diverse proposte di logo che riflettono l&#8217;essenza del tuo marchio. Scegli il design che preferisci, con la possibilit\u00e0 di apportare le modifiche, se le ritieni necessarie.<\/p>\n<p><strong>Passo 3 \u2013 Perfezionamento e Finalizzazione<\/strong><\/p>\n<p>Perfezioniamo meticolosamente il concetto scelto, assicurandoci che sia allineato con la tua strategia. Al termine del progetto, riceverai il tuo nuovo logo in varie versioni &#8211; per la stampa e per il web &#8211; e una guida all&#8217;utilizzo ottimale (con la palette di colori e l&#8217;elenco dei font adatti alle tue esigenze).<\/p>\n<p><strong>Passo 4 &#8211; Lancio<\/strong><\/p>\n<p>Il tuo marchio prende vita su tutti i punti di contatto, garantendo coerenza e impatto.<\/p>\n<p>[\/et_pb_toggle][et_pb_toggle title=&#8221;Quanto Tempo Ci Vuole?&#8221; open_toggle_background_color=&#8221;#F7F5ED&#8221; closed_toggle_text_color=&#8221;#000000&#8243; closed_toggle_background_color=&#8221;#F7F5ED&#8221; icon_color=&#8221;#F54F63&#8243; toggle_icon=&#8221;&#xf063;||fa||900&#8243; open_icon_color=&#8221;#F54F63&#8243; open_toggle_icon=&#8221;&#xf062;||fa||900&#8243; _builder_version=&#8221;4.24.1&#8243; _module_preset=&#8221;default&#8221; title_level=&#8221;h3&#8243; custom_margin=&#8221;||0px||false|false&#8221; custom_padding=&#8221;10px|10px|10px|10px|true|true&#8221; border_width_all=&#8221;0px&#8221; border_width_bottom=&#8221;3px&#8221; border_color_bottom=&#8221;#000000&#8243; border_style_bottom=&#8221;dotted&#8221; locked=&#8221;off&#8221; global_colors_info=&#8221;{}&#8221; theme_builder_area=&#8221;post_content&#8221;]<\/p>\n<p>Prevedi un minimo di 3 settimane per la consegna<\/p>\n<p>[\/et_pb_toggle][et_pb_toggle title=&#8221;Quanto Costa?&#8221; open_toggle_background_color=&#8221;#F7F5ED&#8221; closed_toggle_text_color=&#8221;#000000&#8243; closed_toggle_background_color=&#8221;#F7F5ED&#8221; icon_color=&#8221;#F54F63&#8243; toggle_icon=&#8221;&#xf063;||fa||900&#8243; open_icon_color=&#8221;#F54F63&#8243; open_toggle_icon=&#8221;&#xf062;||fa||900&#8243; _builder_version=&#8221;4.24.1&#8243; _module_preset=&#8221;default&#8221; title_level=&#8221;h3&#8243; custom_margin=&#8221;0px||||false|false&#8221; custom_padding=&#8221;10px|10px|10px|10px|true|true&#8221; border_width_all=&#8221;0px&#8221; border_width_bottom=&#8221;3px&#8221; border_color_bottom=&#8221;#000000&#8243; border_style_bottom=&#8221;dotted&#8221; locked=&#8221;off&#8221; global_colors_info=&#8221;{}&#8221; theme_builder_area=&#8221;post_content&#8221;]<\/p>\n<p>Il servizio richiede un investimento a partire da 1.800 euro (IVA esclusa &#8211; ove applicabile) per lo sviluppo del logo (2 proposte di design + fino a 3 revisioni + stile guida per colori e caratteri).<\/p>\n<p>Il pagamento \u00e8 solitamente suddiviso in due parti (30% alla conferma, 70% al termine), ma sono aperta a discutere con te piani di pagamento personalizzati.<\/p>\n<p>[\/et_pb_toggle][et_pb_text _builder_version=&#8221;4.24.0&#8243; _module_preset=&#8221;default&#8221; locked=&#8221;off&#8221; global_colors_info=&#8221;{}&#8221; theme_builder_area=&#8221;post_content&#8221;]<\/p>\n<p>Se hai bisogno di un&#8217;identit\u00e0 grafica completa, <a href=\"#form\">contattami per discutere le opzioni di prezzo.<\/a><\/p>\n<p>[\/et_pb_text][et_pb_button button_url=&#8221;#form&#8221; button_text=&#8221;Voglio il mio logo!&#8221; _builder_version=&#8221;4.24.0&#8243; _module_preset=&#8221;default&#8221; global_colors_info=&#8221;{}&#8221; theme_builder_area=&#8221;post_content&#8221;][\/et_pb_button][\/et_pb_column][et_pb_column type=&#8221;2_5&#8243; _builder_version=&#8221;4.24.0&#8243; _module_preset=&#8221;default&#8221; global_colors_info=&#8221;{}&#8221; theme_builder_area=&#8221;post_content&#8221;][et_pb_cta title=&#8221;Brand &amp; Logo Design In Breve&#8221; button_url=&#8221;#form&#8221; button_text=&#8221;Voglio il mio logo!&#8221; module_class=&#8221;price-box&#8221; _builder_version=&#8221;4.24.2&#8243; _module_preset=&#8221;default&#8221; header_level=&#8221;h3&#8243; background_enable_color=&#8221;off&#8221; custom_button=&#8221;on&#8221; text_orientation=&#8221;left&#8221; background_layout=&#8221;light&#8221; custom_padding=&#8221;20px|20px|20px|20px|true|true&#8221; global_colors_info=&#8221;{}&#8221; theme_builder_area=&#8221;post_content&#8221;]<\/p>\n<ul>\n<li>Studio della strategia del brand<\/li>\n<li>2 proposte di design<\/li>\n<li>fino a 2 revisioni sulla proposta scelta<\/li>\n<li>guida allo stile di colori e font per l&#8217;utilizzo del logo<\/li>\n<li><span style=\"font-size: 16px;\">3 settimane di lavoro<\/span><\/li>\n<li>Prezzo: a partire da \u20ac1.800<br \/>(a seconda della complessit\u00e0 del progetto)<\/li>\n<\/ul>\n<p>[\/et_pb_cta][et_pb_cta title=&#8221;Dubbi sul tuo brand?&#8221; button_url=&#8221;@ET-DC@eyJkeW5hbWljIjp0cnVlLCJjb250ZW50IjoicG9zdF9saW5rX3VybF9wYWdlIiwic2V0dGluZ3MiOnsicG9zdF9pZCI6IjIwMjA1MjMwIiwiZW5hYmxlX2h0bWwiOiJvZmYifX0=@&#8221; button_text=&#8221;Parliamone!&#8221; _builder_version=&#8221;4.24.2&#8243; _dynamic_attributes=&#8221;button_url&#8221; _module_preset=&#8221;default&#8221; header_level=&#8221;h3&#8243; background_color=&#8221;#f7f5ed&#8221; text_orientation=&#8221;left&#8221; background_layout=&#8221;light&#8221; global_module=&#8221;20205888&#8243; saved_tabs=&#8221;all&#8221; global_colors_info=&#8221;{}&#8221; theme_builder_area=&#8221;post_content&#8221;]<\/p>\n<p>Book a 1 hour consultation appointment: let&#8217;s solve your doubts together and see how your idea can be improved or realized.<\/p>\n<p>[\/et_pb_cta][\/et_pb_column][\/et_pb_row][\/et_pb_section][et_pb_section fb_built=&#8221;1&#8243; _builder_version=&#8221;4.24.0&#8243; _module_preset=&#8221;default&#8221; custom_margin=&#8221;||||true|false&#8221; custom_padding=&#8221;20px||20px||true|false&#8221; locked=&#8221;off&#8221; global_colors_info=&#8221;{}&#8221; theme_builder_area=&#8221;post_content&#8221;][et_pb_row column_structure=&#8221;3_4,1_4&#8243; _builder_version=&#8221;4.24.0&#8243; _module_preset=&#8221;default&#8221; global_colors_info=&#8221;{}&#8221; theme_builder_area=&#8221;post_content&#8221;][et_pb_column type=&#8221;3_4&#8243; _builder_version=&#8221;4.24.0&#8243; _module_preset=&#8221;default&#8221; global_colors_info=&#8221;{}&#8221; theme_builder_area=&#8221;post_content&#8221;][et_pb_text _builder_version=&#8221;4.24.0&#8243; _module_preset=&#8221;default&#8221; custom_margin=&#8221;8px||||false|false&#8221; global_colors_info=&#8221;{}&#8221; theme_builder_area=&#8221;post_content&#8221;]<\/p>\n<h3>Ultimi esempi di Brand Design!<\/h3>\n<p>[\/et_pb_text][\/et_pb_column][et_pb_column type=&#8221;1_4&#8243; _builder_version=&#8221;4.24.0&#8243; _module_preset=&#8221;default&#8221; global_colors_info=&#8221;{}&#8221; theme_builder_area=&#8221;post_content&#8221;][et_pb_button button_url=&#8221;@ET-DC@eyJkeW5hbWljIjp0cnVlLCJjb250ZW50IjoicG9zdF9saW5rX3VybF9wYWdlIiwic2V0dGluZ3MiOnsicG9zdF9pZCI6IjIwMjA1MTgwIiwiZW5hYmxlX2h0bWwiOiJvZmYifX0=@&#8221; button_text=&#8221;Portfolio&#8221; button_alignment=&#8221;right&#8221; _builder_version=&#8221;4.24.0&#8243; _dynamic_attributes=&#8221;button_url&#8221; _module_preset=&#8221;default&#8221; custom_button=&#8221;on&#8221; button_text_color=&#8221;#F54F63&#8243; button_bg_color=&#8221;#F7F5ED&#8221; global_colors_info=&#8221;{}&#8221; theme_builder_area=&#8221;post_content&#8221;][\/et_pb_button][\/et_pb_column][\/et_pb_row][et_pb_row _builder_version=&#8221;4.24.0&#8243; _module_preset=&#8221;default&#8221; custom_margin=&#8221;||||false|false&#8221; custom_padding=&#8221;||||false|false&#8221; global_colors_info=&#8221;{}&#8221; theme_builder_area=&#8221;post_content&#8221;][et_pb_column type=&#8221;4_4&#8243; _builder_version=&#8221;4.24.0&#8243; _module_preset=&#8221;default&#8221; global_colors_info=&#8221;{}&#8221; theme_builder_area=&#8221;post_content&#8221;][et_pb_portfolio fullwidth=&#8221;off&#8221; posts_number=&#8221;5&#8243; include_categories=&#8221;65&#8243; show_title=&#8221;off&#8221; show_categories=&#8221;off&#8221; show_pagination=&#8221;off&#8221; zoom_icon_color=&#8221;#F54F63&#8243; hover_icon=&#8221;\ue054||divi||400&#8243; module_class=&#8221;five-column-portfolio  &#8221; _builder_version=&#8221;4.24.0&#8243; _module_preset=&#8221;default&#8221; background_enable_color=&#8221;off&#8221; custom_margin=&#8221;||0px||false|false&#8221; custom_padding=&#8221;||0px||false|false&#8221; global_colors_info=&#8221;{}&#8221; theme_builder_area=&#8221;post_content&#8221;][\/et_pb_portfolio][\/et_pb_column][\/et_pb_row][\/et_pb_section]<\/p>\n","protected":false},"excerpt":{"rendered":"<p>Trasforma il tuo marchio in una calamita per il tuo pubblico e alimenta la crescita del tuo business.<\/p>\n","protected":false},"author":4,"featured_media":0,"parent":20208434,"menu_order":0,"comment_status":"closed","ping_status":"closed","template":"","meta":{"_et_pb_use_builder":"on","_et_pb_old_content":"","_et_gb_content_width":"","inline_featured_image":false,"footnotes":""},"class_list":["post-20208413","page","type-page","status-publish","hentry"],"yoast_head":"<!-- This site is optimized with the Yoast SEO plugin v27.3 - https:\/\/yoast.com\/product\/yoast-seo-wordpress\/ -->\n<title>Servizi: Brand &amp; Logo Design &#8226; Eleonora Anzini | Logo, Brand, Graphic &amp; Web Design<\/title>\n<meta name=\"robots\" content=\"index, follow, max-snippet:-1, max-image-preview:large, max-video-preview:-1\" \/>\n<link rel=\"canonical\" href=\"https:\/\/www.eleonoraanzini.com\/it\/servizi\/brand-design\/brand-logo-design\/\" \/>\n<meta property=\"og:locale\" content=\"it_IT\" \/>\n<meta property=\"og:type\" content=\"article\" \/>\n<meta property=\"og:title\" content=\"Servizi: Brand &amp; Logo Design &#8226; Eleonora Anzini | Logo, Brand, Graphic &amp; Web Design\" \/>\n<meta property=\"og:description\" content=\"Trasforma il tuo marchio in una calamita per il tuo pubblico e alimenta la crescita del tuo business.\" \/>\n<meta property=\"og:url\" content=\"https:\/\/www.eleonoraanzini.com\/it\/servizi\/brand-design\/brand-logo-design\/\" \/>\n<meta property=\"og:site_name\" content=\"Eleonora Anzini | Logo, Brand, Graphic &amp; Web Design\" \/>\n<meta property=\"article:publisher\" content=\"https:\/\/www.facebook.com\/eleonoraanzinicom\/\" \/>\n<meta property=\"article:modified_time\" content=\"2025-02-17T09:50:34+00:00\" \/>\n<meta property=\"og:image\" content=\"https:\/\/www.eleonoraanzini.com\/wp-content\/uploads\/2025\/07\/eleonoraanzini-com-screenshot-202507.png\" \/>\n\t<meta property=\"og:image:width\" content=\"2679\" \/>\n\t<meta property=\"og:image:height\" content=\"1638\" \/>\n\t<meta property=\"og:image:type\" content=\"image\/png\" \/>\n<meta name=\"twitter:card\" content=\"summary_large_image\" \/>\n<meta name=\"twitter:site\" content=\"@dogfacedboy\" \/>\n<meta name=\"twitter:label1\" content=\"Tempo di lettura stimato\" \/>\n\t<meta name=\"twitter:data1\" content=\"7 minuti\" \/>\n<script type=\"application\/ld+json\" class=\"yoast-schema-graph\">{\"@context\":\"https:\\\/\\\/schema.org\",\"@graph\":[{\"@type\":\"WebPage\",\"@id\":\"https:\\\/\\\/www.eleonoraanzini.com\\\/it\\\/servizi\\\/brand-design\\\/brand-logo-design\\\/\",\"url\":\"https:\\\/\\\/www.eleonoraanzini.com\\\/it\\\/servizi\\\/brand-design\\\/brand-logo-design\\\/\",\"name\":\"Servizi: Brand &amp; Logo Design &#8226; Eleonora Anzini | Logo, Brand, Graphic & Web Design\",\"isPartOf\":{\"@id\":\"https:\\\/\\\/www.eleonoraanzini.com\\\/it\\\/#website\"},\"datePublished\":\"2024-02-05T12:27:11+00:00\",\"dateModified\":\"2025-02-17T09:50:34+00:00\",\"breadcrumb\":{\"@id\":\"https:\\\/\\\/www.eleonoraanzini.com\\\/it\\\/servizi\\\/brand-design\\\/brand-logo-design\\\/#breadcrumb\"},\"inLanguage\":\"it-IT\",\"potentialAction\":[{\"@type\":\"ReadAction\",\"target\":[\"https:\\\/\\\/www.eleonoraanzini.com\\\/it\\\/servizi\\\/brand-design\\\/brand-logo-design\\\/\"]}]},{\"@type\":\"BreadcrumbList\",\"@id\":\"https:\\\/\\\/www.eleonoraanzini.com\\\/it\\\/servizi\\\/brand-design\\\/brand-logo-design\\\/#breadcrumb\",\"itemListElement\":[{\"@type\":\"ListItem\",\"position\":1,\"name\":\"Servizi\",\"item\":\"https:\\\/\\\/www.eleonoraanzini.com\\\/it\\\/services\\\/\"},{\"@type\":\"ListItem\",\"position\":2,\"name\":\"Brand Design\",\"item\":\"https:\\\/\\\/www.eleonoraanzini.com\\\/it\\\/services\\\/brand-design\\\/\"},{\"@type\":\"ListItem\",\"position\":3,\"name\":\"Brand &amp; Logo Design\"}]},{\"@type\":\"WebSite\",\"@id\":\"https:\\\/\\\/www.eleonoraanzini.com\\\/it\\\/#website\",\"url\":\"https:\\\/\\\/www.eleonoraanzini.com\\\/it\\\/\",\"name\":\"Eleonora Anzini \u00b7 Professional Freelance Brand Designer based in Italy\",\"description\":\"Logo, marchio e immagine aziendale, grafica e web design | Studio Grafico Freelance con sede a Terni, Italia\",\"publisher\":{\"@id\":\"https:\\\/\\\/www.eleonoraanzini.com\\\/it\\\/#organization\"},\"alternateName\":\"Eleonora Anzini \u00b7 Brand, Graphic & Web Design, Italy\",\"potentialAction\":[{\"@type\":\"SearchAction\",\"target\":{\"@type\":\"EntryPoint\",\"urlTemplate\":\"https:\\\/\\\/www.eleonoraanzini.com\\\/it\\\/?s={search_term_string}\"},\"query-input\":{\"@type\":\"PropertyValueSpecification\",\"valueRequired\":true,\"valueName\":\"search_term_string\"}}],\"inLanguage\":\"it-IT\"},{\"@type\":\"Organization\",\"@id\":\"https:\\\/\\\/www.eleonoraanzini.com\\\/it\\\/#organization\",\"name\":\"Eleonora Anzini eleonoraanzini.com\",\"alternateName\":\"Eleonora Anzini\",\"url\":\"https:\\\/\\\/www.eleonoraanzini.com\\\/it\\\/\",\"logo\":{\"@type\":\"ImageObject\",\"inLanguage\":\"it-IT\",\"@id\":\"https:\\\/\\\/www.eleonoraanzini.com\\\/it\\\/#\\\/schema\\\/logo\\\/image\\\/\",\"url\":\"https:\\\/\\\/www.eleonoraanzini.com\\\/wp-content\\\/uploads\\\/2024\\\/01\\\/cropped-ico.png\",\"contentUrl\":\"https:\\\/\\\/www.eleonoraanzini.com\\\/wp-content\\\/uploads\\\/2024\\\/01\\\/cropped-ico.png\",\"width\":512,\"height\":512,\"caption\":\"Eleonora Anzini eleonoraanzini.com\"},\"image\":{\"@id\":\"https:\\\/\\\/www.eleonoraanzini.com\\\/it\\\/#\\\/schema\\\/logo\\\/image\\\/\"},\"sameAs\":[\"https:\\\/\\\/www.facebook.com\\\/eleonoraanzinicom\\\/\",\"https:\\\/\\\/x.com\\\/dogfacedboy\",\"https:\\\/\\\/www.linkedin.com\\\/in\\\/eleonoraanzini\\\/\",\"https:\\\/\\\/instagram.com\\\/eleonoraanzinicom\",\"https:\\\/\\\/profiles.wordpress.org\\\/eleonoraanzini\\\/\"]}]}<\/script>\n<!-- \/ Yoast SEO plugin. -->","yoast_head_json":{"title":"Servizi: Brand &amp; Logo Design &#8226; Eleonora Anzini | Logo, Brand, Graphic & Web Design","robots":{"index":"index","follow":"follow","max-snippet":"max-snippet:-1","max-image-preview":"max-image-preview:large","max-video-preview":"max-video-preview:-1"},"canonical":"https:\/\/www.eleonoraanzini.com\/it\/servizi\/brand-design\/brand-logo-design\/","og_locale":"it_IT","og_type":"article","og_title":"Servizi: Brand &amp; Logo Design &#8226; Eleonora Anzini | Logo, Brand, Graphic & Web Design","og_description":"Trasforma il tuo marchio in una calamita per il tuo pubblico e alimenta la crescita del tuo business.","og_url":"https:\/\/www.eleonoraanzini.com\/it\/servizi\/brand-design\/brand-logo-design\/","og_site_name":"Eleonora Anzini | Logo, Brand, Graphic & Web Design","article_publisher":"https:\/\/www.facebook.com\/eleonoraanzinicom\/","article_modified_time":"2025-02-17T09:50:34+00:00","og_image":[{"width":2679,"height":1638,"url":"https:\/\/www.eleonoraanzini.com\/wp-content\/uploads\/2025\/07\/eleonoraanzini-com-screenshot-202507.png","type":"image\/png"}],"twitter_card":"summary_large_image","twitter_site":"@dogfacedboy","twitter_misc":{"Tempo di lettura stimato":"7 minuti"},"schema":{"@context":"https:\/\/schema.org","@graph":[{"@type":"WebPage","@id":"https:\/\/www.eleonoraanzini.com\/it\/servizi\/brand-design\/brand-logo-design\/","url":"https:\/\/www.eleonoraanzini.com\/it\/servizi\/brand-design\/brand-logo-design\/","name":"Servizi: Brand &amp; Logo Design &#8226; Eleonora Anzini | Logo, Brand, Graphic & Web Design","isPartOf":{"@id":"https:\/\/www.eleonoraanzini.com\/it\/#website"},"datePublished":"2024-02-05T12:27:11+00:00","dateModified":"2025-02-17T09:50:34+00:00","breadcrumb":{"@id":"https:\/\/www.eleonoraanzini.com\/it\/servizi\/brand-design\/brand-logo-design\/#breadcrumb"},"inLanguage":"it-IT","potentialAction":[{"@type":"ReadAction","target":["https:\/\/www.eleonoraanzini.com\/it\/servizi\/brand-design\/brand-logo-design\/"]}]},{"@type":"BreadcrumbList","@id":"https:\/\/www.eleonoraanzini.com\/it\/servizi\/brand-design\/brand-logo-design\/#breadcrumb","itemListElement":[{"@type":"ListItem","position":1,"name":"Servizi","item":"https:\/\/www.eleonoraanzini.com\/it\/services\/"},{"@type":"ListItem","position":2,"name":"Brand Design","item":"https:\/\/www.eleonoraanzini.com\/it\/services\/brand-design\/"},{"@type":"ListItem","position":3,"name":"Brand &amp; Logo Design"}]},{"@type":"WebSite","@id":"https:\/\/www.eleonoraanzini.com\/it\/#website","url":"https:\/\/www.eleonoraanzini.com\/it\/","name":"Eleonora Anzini \u00b7 Professional Freelance Brand Designer based in Italy","description":"Logo, marchio e immagine aziendale, grafica e web design | Studio Grafico Freelance con sede a Terni, Italia","publisher":{"@id":"https:\/\/www.eleonoraanzini.com\/it\/#organization"},"alternateName":"Eleonora Anzini \u00b7 Brand, Graphic & Web Design, Italy","potentialAction":[{"@type":"SearchAction","target":{"@type":"EntryPoint","urlTemplate":"https:\/\/www.eleonoraanzini.com\/it\/?s={search_term_string}"},"query-input":{"@type":"PropertyValueSpecification","valueRequired":true,"valueName":"search_term_string"}}],"inLanguage":"it-IT"},{"@type":"Organization","@id":"https:\/\/www.eleonoraanzini.com\/it\/#organization","name":"Eleonora Anzini eleonoraanzini.com","alternateName":"Eleonora Anzini","url":"https:\/\/www.eleonoraanzini.com\/it\/","logo":{"@type":"ImageObject","inLanguage":"it-IT","@id":"https:\/\/www.eleonoraanzini.com\/it\/#\/schema\/logo\/image\/","url":"https:\/\/www.eleonoraanzini.com\/wp-content\/uploads\/2024\/01\/cropped-ico.png","contentUrl":"https:\/\/www.eleonoraanzini.com\/wp-content\/uploads\/2024\/01\/cropped-ico.png","width":512,"height":512,"caption":"Eleonora Anzini eleonoraanzini.com"},"image":{"@id":"https:\/\/www.eleonoraanzini.com\/it\/#\/schema\/logo\/image\/"},"sameAs":["https:\/\/www.facebook.com\/eleonoraanzinicom\/","https:\/\/x.com\/dogfacedboy","https:\/\/www.linkedin.com\/in\/eleonoraanzini\/","https:\/\/instagram.com\/eleonoraanzinicom","https:\/\/profiles.wordpress.org\/eleonoraanzini\/"]}]}},"_links":{"self":[{"href":"https:\/\/www.eleonoraanzini.com\/it\/wp-json\/wp\/v2\/pages\/20208413","targetHints":{"allow":["GET"]}}],"collection":[{"href":"https:\/\/www.eleonoraanzini.com\/it\/wp-json\/wp\/v2\/pages"}],"about":[{"href":"https:\/\/www.eleonoraanzini.com\/it\/wp-json\/wp\/v2\/types\/page"}],"author":[{"embeddable":true,"href":"https:\/\/www.eleonoraanzini.com\/it\/wp-json\/wp\/v2\/users\/4"}],"replies":[{"embeddable":true,"href":"https:\/\/www.eleonoraanzini.com\/it\/wp-json\/wp\/v2\/comments?post=20208413"}],"version-history":[{"count":5,"href":"https:\/\/www.eleonoraanzini.com\/it\/wp-json\/wp\/v2\/pages\/20208413\/revisions"}],"predecessor-version":[{"id":20209383,"href":"https:\/\/www.eleonoraanzini.com\/it\/wp-json\/wp\/v2\/pages\/20208413\/revisions\/20209383"}],"up":[{"embeddable":true,"href":"https:\/\/www.eleonoraanzini.com\/it\/wp-json\/wp\/v2\/pages\/20208434"}],"wp:attachment":[{"href":"https:\/\/www.eleonoraanzini.com\/it\/wp-json\/wp\/v2\/media?parent=20208413"}],"curies":[{"name":"wp","href":"https:\/\/api.w.org\/{rel}","templated":true}]}}