{"id":20208616,"date":"2024-02-05T13:31:45","date_gmt":"2024-02-05T12:31:45","guid":{"rendered":"https:\/\/www.eleonoraanzini.com\/servizi\/web-design\/siti-e-commerce\/"},"modified":"2026-01-27T12:27:32","modified_gmt":"2026-01-27T11:27:32","slug":"siti-e-commerce","status":"publish","type":"page","link":"https:\/\/www.eleonoraanzini.com\/it\/servizi\/web-design\/siti-e-commerce\/","title":{"rendered":"Siti E-commerce"},"content":{"rendered":"<p>[et_pb_section fb_built=&#8221;1&#8243; _builder_version=&#8221;4.24.0&#8243; _module_preset=&#8221;default&#8221; custom_margin=&#8221;||||false|false&#8221; custom_padding=&#8221;20px||20px||false|false&#8221; global_colors_info=&#8221;{}&#8221; theme_builder_area=&#8221;post_content&#8221;][et_pb_row column_structure=&#8221;3_5,2_5&#8243; _builder_version=&#8221;4.24.0&#8243; _module_preset=&#8221;default&#8221; global_colors_info=&#8221;{}&#8221; theme_builder_area=&#8221;post_content&#8221;][et_pb_column type=&#8221;3_5&#8243; _builder_version=&#8221;4.24.0&#8243; _module_preset=&#8221;default&#8221; global_colors_info=&#8221;{}&#8221; theme_builder_area=&#8221;post_content&#8221;][et_pb_text _builder_version=&#8221;4.24.0&#8243; _module_preset=&#8221;default&#8221; link_font=&#8221;||||on||||&#8221; link_text_color=&#8221;#000000&#8243; global_colors_info=&#8221;{}&#8221; theme_builder_area=&#8221;post_content&#8221;]<\/p>\n<p><em>Nel competitivo mercato online di oggi, \u00e8 cruciale avere un sito e-commerce che si distingua dalla massa. Ci\u00f2 significa che il tuo sito web dovrebbe essere facile da usare, sicuro e offrire un&#8217;esperienza di marca unica. Raggiungere questo obiettivo richiede un equilibrio attento tra un design accattivante, funzionalit\u00e0 intuitive e una forte funzionalit\u00e0.<\/em><\/p>\n<p>Le mie competenze vanno oltre i principi tradizionali del design. Posso comprendere le migliori pratiche nell&#8217;e-commerce e nel design dell&#8217;esperienza utente (UX). Questo significa che so come creare siti web che non solo siano belli esteticamente, ma che siano anche efficienti per gli utenti.<\/p>\n<p>Mi specializzo nello sviluppo di soluzioni e-commerce personalizzate, progettate per soddisfare le esigenze specifiche, come la tua. Lavorando con me, potrai massimizzare le tue vendite online e offrire ai tuoi clienti un&#8217;esperienza di acquisto senza problemi. Ogni aspetto del tuo sito web, dal modo in cui i prodotti vengono presentati al processo di checkout, sar\u00e0 progettato con cura per garantire una navigazione semplice, mettere in mostra l&#8217;identit\u00e0 del tuo marchio e incoraggiare i visitatori a prendere decisioni di acquisto.<\/p>\n<p>[\/et_pb_text][et_pb_toggle title=&#8221;Come Funziona?&#8221; open_toggle_background_color=&#8221;#F7F5ED&#8221; closed_toggle_text_color=&#8221;#000000&#8243; closed_toggle_background_color=&#8221;#F7F5ED&#8221; icon_color=&#8221;#F54F63&#8243; toggle_icon=&#8221;&#xf063;||fa||900&#8243; open_icon_color=&#8221;#F54F63&#8243; open_toggle_icon=&#8221;&#xf062;||fa||900&#8243; _builder_version=&#8221;4.24.1&#8243; _module_preset=&#8221;default&#8221; title_level=&#8221;h3&#8243; custom_margin=&#8221;||0px||false|false&#8221; custom_padding=&#8221;10px|10px|10px|10px|true|true&#8221; border_width_all=&#8221;0px&#8221; border_width_bottom=&#8221;3px&#8221; border_color_bottom=&#8221;#000000&#8243; border_style_bottom=&#8221;dotted&#8221; locked=&#8221;off&#8221; global_colors_info=&#8221;{}&#8221; theme_builder_area=&#8221;post_content&#8221;]<\/p>\n<p><strong>Fase 1 &#8211; Sessione di Scoperta<br \/><\/strong>Iniziamo con una sessione di scoperta in cui mi occupo di conoscere le esigenze del tuo e-commerce, il tuo pubblico di riferimento e la tua linea di prodotti.<\/p>\n<p><strong>Fase 2 &#8211; Preventivo e accordo<br \/><\/strong>Ti presenter\u00f2 un preventivo con una tempistica chiara e, dopo la tua approvazione, sigleremo l&#8217;accordo in modo che la magia possa iniziare.<\/p>\n<p><strong>Fase 3 &#8211; Fase di progettazione<br \/><\/strong>Mi assicurer\u00f2 che la tua piattaforma di e-commerce sia tanto attraente quanto funzionale, realizzando un design facile da usare e in linea con il tuo marchio.<\/p>\n<p><strong>Fase 4 &#8211; Processo di sviluppo<br \/><\/strong>Con particolare attenzione a WordPress e WooCommerce, costruir\u00f2 il tuo negozio online, impostando tutti gli aspetti tecnici come i carrelli, le pagine dei prodotti e i gateway di pagamento.<\/p>\n<p><strong>Fase 5 &#8211; Implementazione dei contenuti<br \/><\/strong>Tu fornisci i contenuti e io li integro perfettamente, assicurandomi che ogni prodotto risplenda con descrizioni e immagini convincenti.<\/p>\n<p><strong>Fase 6 &#8211; Revisione e revisione<br \/><\/strong>Potrai vedere il tuo negozio in azione e fornire un feedback, e io modificher\u00f2 tutto ci\u00f2 che non va bene. La tua soddisfazione \u00e8 fondamentale.<\/p>\n<p><strong>Fase 7 &#8211; Controlli finali<br \/><\/strong>Verificher\u00f2 ogni aspetto, dalla velocit\u00e0 di caricamento alla sicurezza delle transazioni, per garantire ai tuoi clienti un&#8217;esperienza senza intoppi.<\/p>\n<p><strong>Passo 8 &#8211; Lancio!<br \/><\/strong>Dopo il tuo pollice in su, il tuo sito e-commerce sar\u00e0 online. Mi occuper\u00f2 dei dettagli cos\u00ec il tuo lancio sar\u00e0 liscio come l&#8217;olio.<\/p>\n<p><strong>Fase 9 &#8211; Formazione e assistenza<br \/><\/strong>Ti mostrer\u00f2 i trucchi per gestire il tuo nuovo sito di e-commerce e sar\u00f2 accessibile per un periodo successivo al lancio per qualsiasi domanda o problema.<\/p>\n<p>[\/et_pb_toggle][et_pb_toggle title=&#8221;Quanto Tempo Ci Vuole?&#8221; open_toggle_background_color=&#8221;#F7F5ED&#8221; closed_toggle_text_color=&#8221;#000000&#8243; closed_toggle_background_color=&#8221;#F7F5ED&#8221; icon_color=&#8221;#F54F63&#8243; toggle_icon=&#8221;&#xf063;||fa||900&#8243; open_icon_color=&#8221;#F54F63&#8243; open_toggle_icon=&#8221;&#xf062;||fa||900&#8243; _builder_version=&#8221;4.24.1&#8243; _module_preset=&#8221;default&#8221; title_level=&#8221;h3&#8243; custom_margin=&#8221;||0px||false|false&#8221; custom_padding=&#8221;10px|10px|10px|10px|true|true&#8221; border_width_all=&#8221;0px&#8221; border_width_bottom=&#8221;3px&#8221; border_color_bottom=&#8221;#000000&#8243; border_style_bottom=&#8221;dotted&#8221; locked=&#8221;off&#8221; global_colors_info=&#8221;{}&#8221; theme_builder_area=&#8221;post_content&#8221;]<\/p>\n<p>Prevedi un minimo di 8 settimane per la consegna.<a href=\"#form\"><\/a><\/p>\n<p>[\/et_pb_toggle][et_pb_toggle title=&#8221;Quanto Costa?&#8221; open_toggle_background_color=&#8221;#F7F5ED&#8221; closed_toggle_text_color=&#8221;#000000&#8243; closed_toggle_background_color=&#8221;#F7F5ED&#8221; icon_color=&#8221;#F54F63&#8243; toggle_icon=&#8221;&#xf063;||fa||900&#8243; open_icon_color=&#8221;#F54F63&#8243; open_toggle_icon=&#8221;&#xf062;||fa||900&#8243; _builder_version=&#8221;4.24.1&#8243; _module_preset=&#8221;default&#8221; title_level=&#8221;h3&#8243; custom_margin=&#8221;0px||||false|false&#8221; custom_padding=&#8221;10px|10px|10px|10px|true|true&#8221; border_width_all=&#8221;0px&#8221; border_width_bottom=&#8221;3px&#8221; border_color_bottom=&#8221;#000000&#8243; border_style_bottom=&#8221;dotted&#8221; locked=&#8221;off&#8221; global_colors_info=&#8221;{}&#8221; theme_builder_area=&#8221;post_content&#8221;]<\/p>\n<p>Il servizio richiede un investimento a partire da 4.800 euro (IVA esclusa &#8211; dove applicabile) per un sito web WordPress realizzato ad hoc per te.<\/p>\n<p>Il pagamento \u00e8 solitamente suddiviso in due parti (30% alla conferma, 70% al termine), ma sono aperta a discutere con te piani di pagamento personalizzati.<\/p>\n<p>Oltre allo sviluppo del sito web, \u00e8 previsto un canone di supporto annuale per la manutenzione del sito web, altamente consigliato, che si rinnova annualmente e ha un costo di <span>80\u20ac al mese (o 800\u20ac all'anno)<\/span> per questo tipo di siti. Puoi trovare tutti i dettagli nella sezione <a href=\"https:\/\/www.eleonoraanzini.com\/it\/servizi\/web-design\/manutenzione-cura-dei-siti-web-wordpress\/\">\u201cPiani di Manutenzione e Cura Sito Web WordPress\u201d<\/a> e possiamo discuterne insieme, se necessario.<\/p>\n<p>[\/et_pb_toggle][et_pb_button button_url=&#8221;#form&#8221; button_text=&#8221;Voglio vendere online&#8221; _builder_version=&#8221;4.24.0&#8243; _module_preset=&#8221;default&#8221; global_colors_info=&#8221;{}&#8221; theme_builder_area=&#8221;post_content&#8221;][\/et_pb_button][\/et_pb_column][et_pb_column type=&#8221;2_5&#8243; _builder_version=&#8221;4.24.0&#8243; _module_preset=&#8221;default&#8221; global_colors_info=&#8221;{}&#8221; theme_builder_area=&#8221;post_content&#8221;][et_pb_cta title=&#8221;Sito E-commerce in breve&#8221; button_url=&#8221;#form&#8221; button_text=&#8221;Voglio vendere online&#8221; module_class=&#8221;price-box&#8221; _builder_version=&#8221;4.24.1&#8243; _module_preset=&#8221;default&#8221; header_level=&#8221;h3&#8243; background_enable_color=&#8221;off&#8221; custom_button=&#8221;on&#8221; text_orientation=&#8221;left&#8221; background_layout=&#8221;light&#8221; custom_padding=&#8221;20px|20px|20px|20px|true|true&#8221; global_colors_info=&#8221;{}&#8221; theme_builder_area=&#8221;post_content&#8221;]<\/p>\n<ul>\n<li>Proposta di layout grafico<\/li>\n<li>Definizione della gerarchia dei contenuti e della sitemap<\/li>\n<li>Progettazione e sviluppo di tutte le pagine + pagine di vendita\/carrello<\/li>\n<li>Link a newsletter e social media<\/li>\n<li>Politica sulla privacy e sui cookie (testo fornito dal cliente)<\/li>\n<li>Minimo 8 settimane di lavoro<\/li>\n<li>Prezzo: a partire da 4.800 euro<\/li>\n<li><a role=\"link\" href=\"https:\/\/www.eleonoraanzini.com\/services\/web-design\/wordpress-website-maintenance\/\">Manutenzione del sito WordPress:<\/a> \u20ac80\/mese o \u20ac800\/anno<\/li>\n<\/ul>\n<p>[\/et_pb_cta][et_pb_cta title=&#8221;Dubbi sul tuo brand?&#8221; button_url=&#8221;@ET-DC@eyJkeW5hbWljIjp0cnVlLCJjb250ZW50IjoicG9zdF9saW5rX3VybF9wYWdlIiwic2V0dGluZ3MiOnsicG9zdF9pZCI6IjIwMjA1MjMwIiwiZW5hYmxlX2h0bWwiOiJvZmYifX0=@&#8221; button_text=&#8221;Parliamone!&#8221; admin_label=&#8221;riga&#8221; _builder_version=&#8221;4.16&#8243; _dynamic_attributes=&#8221;button_url&#8221; _module_preset=&#8221;default&#8221; header_level=&#8221;h3&#8243; background_color=&#8221;#f7f5ed&#8221; background_size=&#8221;initial&#8221; background_position=&#8221;top_left&#8221; background_repeat=&#8221;repeat&#8221; text_orientation=&#8221;left&#8221; background_layout=&#8221;light&#8221; custom_padding=&#8221;|||&#8221; global_module=&#8221;20205888&#8243; saved_tabs=&#8221;all&#8221; global_colors_info=&#8221;{}&#8221; theme_builder_area=&#8221;post_content&#8221;][\/et_pb_cta][\/et_pb_column][\/et_pb_row][\/et_pb_section][et_pb_section fb_built=&#8221;1&#8243; _builder_version=&#8221;4.24.0&#8243; _module_preset=&#8221;default&#8221; custom_margin=&#8221;||||true|false&#8221; custom_padding=&#8221;20px||20px||true|false&#8221; locked=&#8221;off&#8221; global_colors_info=&#8221;{}&#8221; theme_builder_area=&#8221;post_content&#8221;][et_pb_row column_structure=&#8221;3_4,1_4&#8243; _builder_version=&#8221;4.24.0&#8243; _module_preset=&#8221;default&#8221; global_colors_info=&#8221;{}&#8221; theme_builder_area=&#8221;post_content&#8221;][et_pb_column type=&#8221;3_4&#8243; _builder_version=&#8221;4.24.0&#8243; _module_preset=&#8221;default&#8221; global_colors_info=&#8221;{}&#8221; theme_builder_area=&#8221;post_content&#8221;][et_pb_text _builder_version=&#8221;4.24.0&#8243; _module_preset=&#8221;default&#8221; custom_margin=&#8221;8px||||false|false&#8221; global_colors_info=&#8221;{}&#8221; theme_builder_area=&#8221;post_content&#8221;]<\/p>\n<h3>Ultimi siti<\/h3>\n<p>[\/et_pb_text][\/et_pb_column][et_pb_column type=&#8221;1_4&#8243; _builder_version=&#8221;4.24.0&#8243; _module_preset=&#8221;default&#8221; global_colors_info=&#8221;{}&#8221; theme_builder_area=&#8221;post_content&#8221;][et_pb_button button_url=&#8221;@ET-DC@eyJkeW5hbWljIjp0cnVlLCJjb250ZW50IjoicG9zdF9saW5rX3VybF9wYWdlIiwic2V0dGluZ3MiOnsicG9zdF9pZCI6IjIwMjA1MTgwIiwiZW5hYmxlX2h0bWwiOiJvZmYifX0=@&#8221; button_text=&#8221;Portfolio&#8221; button_alignment=&#8221;right&#8221; _builder_version=&#8221;4.24.0&#8243; _dynamic_attributes=&#8221;button_url&#8221; _module_preset=&#8221;default&#8221; custom_button=&#8221;on&#8221; button_text_color=&#8221;#F54F63&#8243; button_bg_color=&#8221;#F7F5ED&#8221; global_colors_info=&#8221;{}&#8221; theme_builder_area=&#8221;post_content&#8221;][\/et_pb_button][\/et_pb_column][\/et_pb_row][et_pb_row _builder_version=&#8221;4.24.0&#8243; _module_preset=&#8221;default&#8221; custom_margin=&#8221;||||false|false&#8221; custom_padding=&#8221;||||false|false&#8221; global_colors_info=&#8221;{}&#8221; theme_builder_area=&#8221;post_content&#8221;][et_pb_column type=&#8221;4_4&#8243; _builder_version=&#8221;4.24.0&#8243; _module_preset=&#8221;default&#8221; global_colors_info=&#8221;{}&#8221; theme_builder_area=&#8221;post_content&#8221;][et_pb_portfolio fullwidth=&#8221;off&#8221; posts_number=&#8221;5&#8243; include_categories=&#8221;71&#8243; show_title=&#8221;off&#8221; show_categories=&#8221;off&#8221; show_pagination=&#8221;off&#8221; zoom_icon_color=&#8221;#F54F63&#8243; hover_icon=&#8221;\ue054||divi||400&#8243; module_class=&#8221;five-column-portfolio  &#8221; _builder_version=&#8221;4.24.0&#8243; _module_preset=&#8221;default&#8221; background_enable_color=&#8221;off&#8221; custom_margin=&#8221;||0px||false|false&#8221; custom_padding=&#8221;||0px||false|false&#8221; global_colors_info=&#8221;{}&#8221; theme_builder_area=&#8221;post_content&#8221;][\/et_pb_portfolio][\/et_pb_column][\/et_pb_row][\/et_pb_section]<\/p>\n","protected":false},"excerpt":{"rendered":"<p>Il tuo sito e-commerce \u00e8 pi\u00f9 che una semplice piattaforma per vendere prodotti. \u00c8 anche uno strumento fondamentale per costruire il tuo marchio, interagire con i clienti e stimolare le vendite.<\/p>\n","protected":false},"author":4,"featured_media":0,"parent":20208578,"menu_order":0,"comment_status":"closed","ping_status":"closed","template":"","meta":{"_et_pb_use_builder":"on","_et_pb_old_content":"","_et_gb_content_width":"","inline_featured_image":false,"footnotes":""},"class_list":["post-20208616","page","type-page","status-publish","hentry"],"yoast_head":"<!-- This site is optimized with the Yoast SEO plugin v27.3 - https:\/\/yoast.com\/product\/yoast-seo-wordpress\/ -->\n<title>Siti E-commerce &#8226; Eleonora Anzini | Logo, Brand, Graphic &amp; Web Design<\/title>\n<meta name=\"robots\" content=\"index, follow, max-snippet:-1, max-image-preview:large, max-video-preview:-1\" \/>\n<link rel=\"canonical\" href=\"https:\/\/www.eleonoraanzini.com\/it\/servizi\/web-design\/siti-e-commerce\/\" \/>\n<meta property=\"og:locale\" content=\"it_IT\" \/>\n<meta property=\"og:type\" content=\"article\" \/>\n<meta property=\"og:title\" content=\"Siti E-commerce &#8226; Eleonora Anzini | Logo, Brand, Graphic &amp; Web Design\" \/>\n<meta property=\"og:description\" content=\"Il tuo sito e-commerce \u00e8 pi\u00f9 che una semplice piattaforma per vendere prodotti. \u00c8 anche uno strumento fondamentale per costruire il tuo marchio, interagire con i clienti e stimolare le vendite.\" \/>\n<meta property=\"og:url\" content=\"https:\/\/www.eleonoraanzini.com\/it\/servizi\/web-design\/siti-e-commerce\/\" \/>\n<meta property=\"og:site_name\" content=\"Eleonora Anzini | Logo, Brand, Graphic &amp; Web Design\" \/>\n<meta property=\"article:publisher\" content=\"https:\/\/www.facebook.com\/eleonoraanzinicom\/\" \/>\n<meta property=\"article:modified_time\" content=\"2026-01-27T11:27:32+00:00\" \/>\n<meta property=\"og:image\" content=\"https:\/\/www.eleonoraanzini.com\/wp-content\/uploads\/2025\/07\/eleonoraanzini-com-screenshot-202507.png\" \/>\n\t<meta property=\"og:image:width\" content=\"2679\" \/>\n\t<meta property=\"og:image:height\" content=\"1638\" \/>\n\t<meta property=\"og:image:type\" content=\"image\/png\" \/>\n<meta name=\"twitter:card\" content=\"summary_large_image\" \/>\n<meta name=\"twitter:site\" content=\"@dogfacedboy\" \/>\n<meta name=\"twitter:label1\" content=\"Tempo di lettura stimato\" \/>\n\t<meta name=\"twitter:data1\" content=\"7 minuti\" \/>\n<script type=\"application\/ld+json\" class=\"yoast-schema-graph\">{\"@context\":\"https:\\\/\\\/schema.org\",\"@graph\":[{\"@type\":\"WebPage\",\"@id\":\"https:\\\/\\\/www.eleonoraanzini.com\\\/it\\\/servizi\\\/web-design\\\/siti-e-commerce\\\/\",\"url\":\"https:\\\/\\\/www.eleonoraanzini.com\\\/it\\\/servizi\\\/web-design\\\/siti-e-commerce\\\/\",\"name\":\"Siti E-commerce &#8226; Eleonora Anzini | Logo, Brand, Graphic & Web Design\",\"isPartOf\":{\"@id\":\"https:\\\/\\\/www.eleonoraanzini.com\\\/it\\\/#website\"},\"datePublished\":\"2024-02-05T12:31:45+00:00\",\"dateModified\":\"2026-01-27T11:27:32+00:00\",\"breadcrumb\":{\"@id\":\"https:\\\/\\\/www.eleonoraanzini.com\\\/it\\\/servizi\\\/web-design\\\/siti-e-commerce\\\/#breadcrumb\"},\"inLanguage\":\"it-IT\",\"potentialAction\":[{\"@type\":\"ReadAction\",\"target\":[\"https:\\\/\\\/www.eleonoraanzini.com\\\/it\\\/servizi\\\/web-design\\\/siti-e-commerce\\\/\"]}]},{\"@type\":\"BreadcrumbList\",\"@id\":\"https:\\\/\\\/www.eleonoraanzini.com\\\/it\\\/servizi\\\/web-design\\\/siti-e-commerce\\\/#breadcrumb\",\"itemListElement\":[{\"@type\":\"ListItem\",\"position\":1,\"name\":\"Servizi\",\"item\":\"https:\\\/\\\/www.eleonoraanzini.com\\\/it\\\/services\\\/\"},{\"@type\":\"ListItem\",\"position\":2,\"name\":\"Web design\",\"item\":\"https:\\\/\\\/www.eleonoraanzini.com\\\/it\\\/servizi\\\/web-design\\\/\"},{\"@type\":\"ListItem\",\"position\":3,\"name\":\"Siti E-commerce\"}]},{\"@type\":\"WebSite\",\"@id\":\"https:\\\/\\\/www.eleonoraanzini.com\\\/it\\\/#website\",\"url\":\"https:\\\/\\\/www.eleonoraanzini.com\\\/it\\\/\",\"name\":\"Eleonora Anzini \u00b7 Professional Freelance Brand Designer based in Italy\",\"description\":\"Logo, marchio e immagine aziendale, grafica e web design | Studio Grafico Freelance con sede a Terni, Italia\",\"publisher\":{\"@id\":\"https:\\\/\\\/www.eleonoraanzini.com\\\/it\\\/#organization\"},\"alternateName\":\"Eleonora Anzini \u00b7 Brand, Graphic & Web Design, Italy\",\"potentialAction\":[{\"@type\":\"SearchAction\",\"target\":{\"@type\":\"EntryPoint\",\"urlTemplate\":\"https:\\\/\\\/www.eleonoraanzini.com\\\/it\\\/?s={search_term_string}\"},\"query-input\":{\"@type\":\"PropertyValueSpecification\",\"valueRequired\":true,\"valueName\":\"search_term_string\"}}],\"inLanguage\":\"it-IT\"},{\"@type\":\"Organization\",\"@id\":\"https:\\\/\\\/www.eleonoraanzini.com\\\/it\\\/#organization\",\"name\":\"Eleonora Anzini eleonoraanzini.com\",\"alternateName\":\"Eleonora Anzini\",\"url\":\"https:\\\/\\\/www.eleonoraanzini.com\\\/it\\\/\",\"logo\":{\"@type\":\"ImageObject\",\"inLanguage\":\"it-IT\",\"@id\":\"https:\\\/\\\/www.eleonoraanzini.com\\\/it\\\/#\\\/schema\\\/logo\\\/image\\\/\",\"url\":\"https:\\\/\\\/www.eleonoraanzini.com\\\/wp-content\\\/uploads\\\/2024\\\/01\\\/cropped-ico.png\",\"contentUrl\":\"https:\\\/\\\/www.eleonoraanzini.com\\\/wp-content\\\/uploads\\\/2024\\\/01\\\/cropped-ico.png\",\"width\":512,\"height\":512,\"caption\":\"Eleonora Anzini eleonoraanzini.com\"},\"image\":{\"@id\":\"https:\\\/\\\/www.eleonoraanzini.com\\\/it\\\/#\\\/schema\\\/logo\\\/image\\\/\"},\"sameAs\":[\"https:\\\/\\\/www.facebook.com\\\/eleonoraanzinicom\\\/\",\"https:\\\/\\\/x.com\\\/dogfacedboy\",\"https:\\\/\\\/www.linkedin.com\\\/in\\\/eleonoraanzini\\\/\",\"https:\\\/\\\/instagram.com\\\/eleonoraanzinicom\",\"https:\\\/\\\/profiles.wordpress.org\\\/eleonoraanzini\\\/\"]}]}<\/script>\n<!-- \/ Yoast SEO plugin. -->","yoast_head_json":{"title":"Siti E-commerce &#8226; Eleonora Anzini | Logo, Brand, Graphic & Web Design","robots":{"index":"index","follow":"follow","max-snippet":"max-snippet:-1","max-image-preview":"max-image-preview:large","max-video-preview":"max-video-preview:-1"},"canonical":"https:\/\/www.eleonoraanzini.com\/it\/servizi\/web-design\/siti-e-commerce\/","og_locale":"it_IT","og_type":"article","og_title":"Siti E-commerce &#8226; Eleonora Anzini | Logo, Brand, Graphic & Web Design","og_description":"Il tuo sito e-commerce \u00e8 pi\u00f9 che una semplice piattaforma per vendere prodotti. \u00c8 anche uno strumento fondamentale per costruire il tuo marchio, interagire con i clienti e stimolare le vendite.","og_url":"https:\/\/www.eleonoraanzini.com\/it\/servizi\/web-design\/siti-e-commerce\/","og_site_name":"Eleonora Anzini | Logo, Brand, Graphic & Web Design","article_publisher":"https:\/\/www.facebook.com\/eleonoraanzinicom\/","article_modified_time":"2026-01-27T11:27:32+00:00","og_image":[{"width":2679,"height":1638,"url":"https:\/\/www.eleonoraanzini.com\/wp-content\/uploads\/2025\/07\/eleonoraanzini-com-screenshot-202507.png","type":"image\/png"}],"twitter_card":"summary_large_image","twitter_site":"@dogfacedboy","twitter_misc":{"Tempo di lettura stimato":"7 minuti"},"schema":{"@context":"https:\/\/schema.org","@graph":[{"@type":"WebPage","@id":"https:\/\/www.eleonoraanzini.com\/it\/servizi\/web-design\/siti-e-commerce\/","url":"https:\/\/www.eleonoraanzini.com\/it\/servizi\/web-design\/siti-e-commerce\/","name":"Siti E-commerce &#8226; Eleonora Anzini | Logo, Brand, Graphic & Web Design","isPartOf":{"@id":"https:\/\/www.eleonoraanzini.com\/it\/#website"},"datePublished":"2024-02-05T12:31:45+00:00","dateModified":"2026-01-27T11:27:32+00:00","breadcrumb":{"@id":"https:\/\/www.eleonoraanzini.com\/it\/servizi\/web-design\/siti-e-commerce\/#breadcrumb"},"inLanguage":"it-IT","potentialAction":[{"@type":"ReadAction","target":["https:\/\/www.eleonoraanzini.com\/it\/servizi\/web-design\/siti-e-commerce\/"]}]},{"@type":"BreadcrumbList","@id":"https:\/\/www.eleonoraanzini.com\/it\/servizi\/web-design\/siti-e-commerce\/#breadcrumb","itemListElement":[{"@type":"ListItem","position":1,"name":"Servizi","item":"https:\/\/www.eleonoraanzini.com\/it\/services\/"},{"@type":"ListItem","position":2,"name":"Web design","item":"https:\/\/www.eleonoraanzini.com\/it\/servizi\/web-design\/"},{"@type":"ListItem","position":3,"name":"Siti E-commerce"}]},{"@type":"WebSite","@id":"https:\/\/www.eleonoraanzini.com\/it\/#website","url":"https:\/\/www.eleonoraanzini.com\/it\/","name":"Eleonora Anzini \u00b7 Professional Freelance Brand Designer based in Italy","description":"Logo, marchio e immagine aziendale, grafica e web design | Studio Grafico Freelance con sede a Terni, Italia","publisher":{"@id":"https:\/\/www.eleonoraanzini.com\/it\/#organization"},"alternateName":"Eleonora Anzini \u00b7 Brand, Graphic & Web Design, Italy","potentialAction":[{"@type":"SearchAction","target":{"@type":"EntryPoint","urlTemplate":"https:\/\/www.eleonoraanzini.com\/it\/?s={search_term_string}"},"query-input":{"@type":"PropertyValueSpecification","valueRequired":true,"valueName":"search_term_string"}}],"inLanguage":"it-IT"},{"@type":"Organization","@id":"https:\/\/www.eleonoraanzini.com\/it\/#organization","name":"Eleonora Anzini eleonoraanzini.com","alternateName":"Eleonora Anzini","url":"https:\/\/www.eleonoraanzini.com\/it\/","logo":{"@type":"ImageObject","inLanguage":"it-IT","@id":"https:\/\/www.eleonoraanzini.com\/it\/#\/schema\/logo\/image\/","url":"https:\/\/www.eleonoraanzini.com\/wp-content\/uploads\/2024\/01\/cropped-ico.png","contentUrl":"https:\/\/www.eleonoraanzini.com\/wp-content\/uploads\/2024\/01\/cropped-ico.png","width":512,"height":512,"caption":"Eleonora Anzini eleonoraanzini.com"},"image":{"@id":"https:\/\/www.eleonoraanzini.com\/it\/#\/schema\/logo\/image\/"},"sameAs":["https:\/\/www.facebook.com\/eleonoraanzinicom\/","https:\/\/x.com\/dogfacedboy","https:\/\/www.linkedin.com\/in\/eleonoraanzini\/","https:\/\/instagram.com\/eleonoraanzinicom","https:\/\/profiles.wordpress.org\/eleonoraanzini\/"]}]}},"_links":{"self":[{"href":"https:\/\/www.eleonoraanzini.com\/it\/wp-json\/wp\/v2\/pages\/20208616","targetHints":{"allow":["GET"]}}],"collection":[{"href":"https:\/\/www.eleonoraanzini.com\/it\/wp-json\/wp\/v2\/pages"}],"about":[{"href":"https:\/\/www.eleonoraanzini.com\/it\/wp-json\/wp\/v2\/types\/page"}],"author":[{"embeddable":true,"href":"https:\/\/www.eleonoraanzini.com\/it\/wp-json\/wp\/v2\/users\/4"}],"replies":[{"embeddable":true,"href":"https:\/\/www.eleonoraanzini.com\/it\/wp-json\/wp\/v2\/comments?post=20208616"}],"version-history":[{"count":7,"href":"https:\/\/www.eleonoraanzini.com\/it\/wp-json\/wp\/v2\/pages\/20208616\/revisions"}],"predecessor-version":[{"id":20209980,"href":"https:\/\/www.eleonoraanzini.com\/it\/wp-json\/wp\/v2\/pages\/20208616\/revisions\/20209980"}],"up":[{"embeddable":true,"href":"https:\/\/www.eleonoraanzini.com\/it\/wp-json\/wp\/v2\/pages\/20208578"}],"wp:attachment":[{"href":"https:\/\/www.eleonoraanzini.com\/it\/wp-json\/wp\/v2\/media?parent=20208616"}],"curies":[{"name":"wp","href":"https:\/\/api.w.org\/{rel}","templated":true}]}}