{"id":20208622,"date":"2024-02-05T13:32:29","date_gmt":"2024-02-05T12:32:29","guid":{"rendered":"https:\/\/www.eleonoraanzini.com\/servizi\/web-design\/supporto-tecnico-wordpress\/"},"modified":"2025-02-17T09:20:00","modified_gmt":"2025-02-17T08:20:00","slug":"supporto-tecnico-wordpress","status":"publish","type":"page","link":"https:\/\/www.eleonoraanzini.com\/it\/servizi\/web-design\/supporto-tecnico-wordpress\/","title":{"rendered":"Supporto Tecnico WordPress"},"content":{"rendered":"<p>[et_pb_section fb_built=&#8221;1&#8243; admin_label=&#8221;section&#8221; _builder_version=&#8221;4.24.0&#8243; background_color=&#8221;#ffffff&#8221; custom_margin=&#8221;||||false|false&#8221; custom_padding=&#8221;0px||20px||false|false&#8221; locked=&#8221;off&#8221; global_colors_info=&#8221;{}&#8221; theme_builder_area=&#8221;post_content&#8221;][et_pb_row column_structure=&#8221;3_5,2_5&#8243; _builder_version=&#8221;4.24.0&#8243; _module_preset=&#8221;default&#8221; global_colors_info=&#8221;{}&#8221; theme_builder_area=&#8221;post_content&#8221;][et_pb_column type=&#8221;3_5&#8243; _builder_version=&#8221;4.24.0&#8243; _module_preset=&#8221;default&#8221; global_colors_info=&#8221;{}&#8221; theme_builder_area=&#8221;post_content&#8221;][et_pb_text _builder_version=&#8221;4.24.0&#8243; _module_preset=&#8221;default&#8221; global_colors_info=&#8221;{}&#8221; theme_builder_area=&#8221;post_content&#8221;]<\/p>\n<p>Sono specializzata nel gestire tutte le modifiche necessarie per rendere il tuo sito web sicuro, completo e pienamente funzionale.<\/p>\n<p>Affronter\u00f2 gli errori, corregger\u00f2 i problemi, e risolver\u00f2 questioni di sicurezza del sito, CSS e problemi di compatibilit\u00e0.<\/p>\n<p>&nbsp;<\/p>\n<p>[\/et_pb_text][et_pb_toggle title=&#8221;Come Funziona?&#8221; open_toggle_background_color=&#8221;#F7F5ED&#8221; closed_toggle_text_color=&#8221;#000000&#8243; closed_toggle_background_color=&#8221;#F7F5ED&#8221; icon_color=&#8221;#F54F63&#8243; toggle_icon=&#8221;&#xf063;||fa||900&#8243; open_icon_color=&#8221;#F54F63&#8243; open_toggle_icon=&#8221;&#xf062;||fa||900&#8243; _builder_version=&#8221;4.24.1&#8243; _module_preset=&#8221;default&#8221; title_level=&#8221;h3&#8243; custom_margin=&#8221;||0px||false|false&#8221; custom_padding=&#8221;10px|10px|10px|10px|true|true&#8221; border_width_all=&#8221;0px&#8221; border_width_bottom=&#8221;3px&#8221; border_color_bottom=&#8221;#000000&#8243; border_style_bottom=&#8221;dotted&#8221; locked=&#8221;off&#8221; global_colors_info=&#8221;{}&#8221; theme_builder_area=&#8221;post_content&#8221;]<\/p>\n<p>Valutiamo insieme la situazione e ti aiuter\u00f2 a perfezionare tutto! <a href=\"#form\">Compila il modulo in fondo a questa pagina<\/a>, fornendo dettagli sul tuo sito web e descrivendo le difficolt\u00e0 che incontri.<\/p>\n<p>Entro 48 ore, ti invier\u00f2 un&#8217;email con un tempo stimato per le modifiche ed errori identificati. Ti informer\u00f2 sulla durata prevista e suggerir\u00f2 eventuali ulteriori cambiamenti che potremo considerare insieme.<\/p>\n<p>Dopo aver ricevuto la tua conferma per le modifiche, ti invier\u00f2 un file da completare con tutti i dettagli di accesso necessari per il tuo sito web. Per garantire una gestione adeguata, creer\u00f2 un account Amministratore per gestire in modo indipendente il tuo sito web, che rimarr\u00e0 online durante tutto il processo.<\/p>\n<p>Una volta completato il mio lavoro, riceverai un rapporto conciso che riassume tutti i cambiamenti effettuati insieme al tempo impiegato per ogni attivit\u00e0. Nota bene: generalmente fornisco una stima delle ore richieste prima di ogni intervento ma in caso di problemi tecnici imprevisti che prolungano il processo, ti informer\u00f2 delle ore aggiuntive necessarie e attender\u00f2 la tua conferma prima di procedere.<\/p>\n<p>[\/et_pb_toggle][et_pb_toggle title=&#8221;Quanto Costa?&#8221; open_toggle_background_color=&#8221;#F7F5ED&#8221; closed_toggle_text_color=&#8221;#000000&#8243; closed_toggle_background_color=&#8221;#F7F5ED&#8221; icon_color=&#8221;#F54F63&#8243; toggle_icon=&#8221;&#xf063;||fa||900&#8243; open_icon_color=&#8221;#F54F63&#8243; open_toggle_icon=&#8221;&#xf062;||fa||900&#8243; _builder_version=&#8221;4.24.1&#8243; _module_preset=&#8221;default&#8221; title_level=&#8221;h3&#8243; custom_margin=&#8221;||||false|false&#8221; custom_padding=&#8221;10px|10px|10px|10px|true|true&#8221; border_width_all=&#8221;0px&#8221; border_width_bottom=&#8221;3px&#8221; border_color_bottom=&#8221;#000000&#8243; border_style_bottom=&#8221;dotted&#8221; locked=&#8221;off&#8221; global_colors_info=&#8221;{}&#8221; theme_builder_area=&#8221;post_content&#8221;]<\/p>\n<p>Il servizio viene fatturato a ore, con un minimo di 1 ora (60 minuti), \u20ac 95,00\/ora (IVA esclusa &#8211; dove applicabile) da pagare online in un&#8217;unica soluzione.<\/p>\n<p>Ti chiedo di inviarmi sempre un&#8217;email per assicurarci che sia tutto chiaro riguardo agli interventi da effettuare; risponder\u00f2 prontamente (entro 48 ore) per confermare il tempo stimato necessario e &#8211; entro cinque giorni dalla tua conferma &#8211; avremo tutto in ordine!<\/p>\n<p>[\/et_pb_toggle][\/et_pb_column][et_pb_column type=&#8221;2_5&#8243; _builder_version=&#8221;4.24.0&#8243; _module_preset=&#8221;default&#8221; global_colors_info=&#8221;{}&#8221; theme_builder_area=&#8221;post_content&#8221;][et_pb_cta title=&#8221;Consulenza per Siti WordPress in breve&#8221; module_class=&#8221;price-box&#8221; _builder_version=&#8221;4.24.0&#8243; _module_preset=&#8221;default&#8221; header_level=&#8221;h3&#8243; background_enable_color=&#8221;off&#8221; custom_button=&#8221;on&#8221; text_orientation=&#8221;left&#8221; background_layout=&#8221;light&#8221; custom_padding=&#8221;20px|20px|20px|20px|true|true&#8221; locked=&#8221;off&#8221; global_colors_info=&#8221;{}&#8221; theme_builder_area=&#8221;post_content&#8221;]<\/p>\n<ul>\n<li>Tu spieghi il problema<\/li>\n<li>Io faccio un preventivo delle ore di cui ho bisogno per risolverlo<\/li>\n<li>Una volta accettato, mi fornisci l&#8217;accesso al tuo sito web e posso iniziare a lavorare!<\/li>\n<li>Prezzo: \u20ac95,00\/ora<span style=\"font-size: 16px;\">, pagamento anticipato tramite PayPal<\/span><\/li>\n<\/ul>\n<p>[\/et_pb_cta][\/et_pb_column][\/et_pb_row][\/et_pb_section]<\/p>\n","protected":false},"excerpt":{"rendered":"<p>Che tu stia gestendo una complessa piattaforma e-commerce, un blog ricco di contenuti o un semplice sito informativo, possono sempre sorgere problemi tecnici che richiedono un intervento esperto per garantire un funzionamento ottimale e continuativo.<\/p>\n","protected":false},"author":4,"featured_media":0,"parent":20208578,"menu_order":0,"comment_status":"closed","ping_status":"closed","template":"","meta":{"_et_pb_use_builder":"on","_et_pb_old_content":"","_et_gb_content_width":"","inline_featured_image":false,"footnotes":""},"class_list":["post-20208622","page","type-page","status-publish","hentry"],"yoast_head":"<!-- This site is optimized with the Yoast SEO plugin v27.3 - https:\/\/yoast.com\/product\/yoast-seo-wordpress\/ -->\n<title>Supporto Tecnico WordPress &#8226; Eleonora Anzini | Logo, Brand, Graphic &amp; Web Design<\/title>\n<meta name=\"robots\" content=\"index, follow, max-snippet:-1, max-image-preview:large, max-video-preview:-1\" \/>\n<link rel=\"canonical\" href=\"https:\/\/www.eleonoraanzini.com\/it\/servizi\/web-design\/supporto-tecnico-wordpress\/\" \/>\n<meta property=\"og:locale\" content=\"it_IT\" \/>\n<meta property=\"og:type\" content=\"article\" \/>\n<meta property=\"og:title\" content=\"Supporto Tecnico WordPress &#8226; Eleonora Anzini | Logo, Brand, Graphic &amp; Web Design\" \/>\n<meta property=\"og:description\" content=\"Che tu stia gestendo una complessa piattaforma e-commerce, un blog ricco di contenuti o un semplice sito informativo, possono sempre sorgere problemi tecnici che richiedono un intervento esperto per garantire un funzionamento ottimale e continuativo.\" \/>\n<meta property=\"og:url\" content=\"https:\/\/www.eleonoraanzini.com\/it\/servizi\/web-design\/supporto-tecnico-wordpress\/\" \/>\n<meta property=\"og:site_name\" content=\"Eleonora Anzini | Logo, Brand, Graphic &amp; Web Design\" \/>\n<meta property=\"article:publisher\" content=\"https:\/\/www.facebook.com\/eleonoraanzinicom\/\" \/>\n<meta property=\"article:modified_time\" content=\"2025-02-17T08:20:00+00:00\" \/>\n<meta property=\"og:image\" content=\"https:\/\/www.eleonoraanzini.com\/wp-content\/uploads\/2025\/07\/eleonoraanzini-com-screenshot-202507.png\" \/>\n\t<meta property=\"og:image:width\" content=\"2679\" \/>\n\t<meta property=\"og:image:height\" content=\"1638\" \/>\n\t<meta property=\"og:image:type\" content=\"image\/png\" \/>\n<meta name=\"twitter:card\" content=\"summary_large_image\" \/>\n<meta name=\"twitter:site\" content=\"@dogfacedboy\" \/>\n<meta name=\"twitter:label1\" content=\"Tempo di lettura stimato\" \/>\n\t<meta name=\"twitter:data1\" content=\"3 minuti\" \/>\n<script type=\"application\/ld+json\" class=\"yoast-schema-graph\">{\"@context\":\"https:\\\/\\\/schema.org\",\"@graph\":[{\"@type\":\"WebPage\",\"@id\":\"https:\\\/\\\/www.eleonoraanzini.com\\\/it\\\/servizi\\\/web-design\\\/supporto-tecnico-wordpress\\\/\",\"url\":\"https:\\\/\\\/www.eleonoraanzini.com\\\/it\\\/servizi\\\/web-design\\\/supporto-tecnico-wordpress\\\/\",\"name\":\"Supporto Tecnico WordPress &#8226; Eleonora Anzini | Logo, Brand, Graphic & Web Design\",\"isPartOf\":{\"@id\":\"https:\\\/\\\/www.eleonoraanzini.com\\\/it\\\/#website\"},\"datePublished\":\"2024-02-05T12:32:29+00:00\",\"dateModified\":\"2025-02-17T08:20:00+00:00\",\"breadcrumb\":{\"@id\":\"https:\\\/\\\/www.eleonoraanzini.com\\\/it\\\/servizi\\\/web-design\\\/supporto-tecnico-wordpress\\\/#breadcrumb\"},\"inLanguage\":\"it-IT\",\"potentialAction\":[{\"@type\":\"ReadAction\",\"target\":[\"https:\\\/\\\/www.eleonoraanzini.com\\\/it\\\/servizi\\\/web-design\\\/supporto-tecnico-wordpress\\\/\"]}]},{\"@type\":\"BreadcrumbList\",\"@id\":\"https:\\\/\\\/www.eleonoraanzini.com\\\/it\\\/servizi\\\/web-design\\\/supporto-tecnico-wordpress\\\/#breadcrumb\",\"itemListElement\":[{\"@type\":\"ListItem\",\"position\":1,\"name\":\"Servizi\",\"item\":\"https:\\\/\\\/www.eleonoraanzini.com\\\/it\\\/services\\\/\"},{\"@type\":\"ListItem\",\"position\":2,\"name\":\"Web design\",\"item\":\"https:\\\/\\\/www.eleonoraanzini.com\\\/it\\\/servizi\\\/web-design\\\/\"},{\"@type\":\"ListItem\",\"position\":3,\"name\":\"Supporto Tecnico WordPress\"}]},{\"@type\":\"WebSite\",\"@id\":\"https:\\\/\\\/www.eleonoraanzini.com\\\/it\\\/#website\",\"url\":\"https:\\\/\\\/www.eleonoraanzini.com\\\/it\\\/\",\"name\":\"Eleonora Anzini \u00b7 Professional Freelance Brand Designer based in Italy\",\"description\":\"Logo, marchio e immagine aziendale, grafica e web design | Studio Grafico Freelance con sede a Terni, Italia\",\"publisher\":{\"@id\":\"https:\\\/\\\/www.eleonoraanzini.com\\\/it\\\/#organization\"},\"alternateName\":\"Eleonora Anzini \u00b7 Brand, Graphic & Web Design, Italy\",\"potentialAction\":[{\"@type\":\"SearchAction\",\"target\":{\"@type\":\"EntryPoint\",\"urlTemplate\":\"https:\\\/\\\/www.eleonoraanzini.com\\\/it\\\/?s={search_term_string}\"},\"query-input\":{\"@type\":\"PropertyValueSpecification\",\"valueRequired\":true,\"valueName\":\"search_term_string\"}}],\"inLanguage\":\"it-IT\"},{\"@type\":\"Organization\",\"@id\":\"https:\\\/\\\/www.eleonoraanzini.com\\\/it\\\/#organization\",\"name\":\"Eleonora Anzini eleonoraanzini.com\",\"alternateName\":\"Eleonora Anzini\",\"url\":\"https:\\\/\\\/www.eleonoraanzini.com\\\/it\\\/\",\"logo\":{\"@type\":\"ImageObject\",\"inLanguage\":\"it-IT\",\"@id\":\"https:\\\/\\\/www.eleonoraanzini.com\\\/it\\\/#\\\/schema\\\/logo\\\/image\\\/\",\"url\":\"https:\\\/\\\/www.eleonoraanzini.com\\\/wp-content\\\/uploads\\\/2024\\\/01\\\/cropped-ico.png\",\"contentUrl\":\"https:\\\/\\\/www.eleonoraanzini.com\\\/wp-content\\\/uploads\\\/2024\\\/01\\\/cropped-ico.png\",\"width\":512,\"height\":512,\"caption\":\"Eleonora Anzini eleonoraanzini.com\"},\"image\":{\"@id\":\"https:\\\/\\\/www.eleonoraanzini.com\\\/it\\\/#\\\/schema\\\/logo\\\/image\\\/\"},\"sameAs\":[\"https:\\\/\\\/www.facebook.com\\\/eleonoraanzinicom\\\/\",\"https:\\\/\\\/x.com\\\/dogfacedboy\",\"https:\\\/\\\/www.linkedin.com\\\/in\\\/eleonoraanzini\\\/\",\"https:\\\/\\\/instagram.com\\\/eleonoraanzinicom\",\"https:\\\/\\\/profiles.wordpress.org\\\/eleonoraanzini\\\/\"]}]}<\/script>\n<!-- \/ Yoast SEO plugin. -->","yoast_head_json":{"title":"Supporto Tecnico WordPress &#8226; Eleonora Anzini | Logo, Brand, Graphic & Web Design","robots":{"index":"index","follow":"follow","max-snippet":"max-snippet:-1","max-image-preview":"max-image-preview:large","max-video-preview":"max-video-preview:-1"},"canonical":"https:\/\/www.eleonoraanzini.com\/it\/servizi\/web-design\/supporto-tecnico-wordpress\/","og_locale":"it_IT","og_type":"article","og_title":"Supporto Tecnico WordPress &#8226; Eleonora Anzini | Logo, Brand, Graphic & Web Design","og_description":"Che tu stia gestendo una complessa piattaforma e-commerce, un blog ricco di contenuti o un semplice sito informativo, possono sempre sorgere problemi tecnici che richiedono un intervento esperto per garantire un funzionamento ottimale e continuativo.","og_url":"https:\/\/www.eleonoraanzini.com\/it\/servizi\/web-design\/supporto-tecnico-wordpress\/","og_site_name":"Eleonora Anzini | Logo, Brand, Graphic & Web Design","article_publisher":"https:\/\/www.facebook.com\/eleonoraanzinicom\/","article_modified_time":"2025-02-17T08:20:00+00:00","og_image":[{"width":2679,"height":1638,"url":"https:\/\/www.eleonoraanzini.com\/wp-content\/uploads\/2025\/07\/eleonoraanzini-com-screenshot-202507.png","type":"image\/png"}],"twitter_card":"summary_large_image","twitter_site":"@dogfacedboy","twitter_misc":{"Tempo di lettura stimato":"3 minuti"},"schema":{"@context":"https:\/\/schema.org","@graph":[{"@type":"WebPage","@id":"https:\/\/www.eleonoraanzini.com\/it\/servizi\/web-design\/supporto-tecnico-wordpress\/","url":"https:\/\/www.eleonoraanzini.com\/it\/servizi\/web-design\/supporto-tecnico-wordpress\/","name":"Supporto Tecnico WordPress &#8226; Eleonora Anzini | Logo, Brand, Graphic & Web Design","isPartOf":{"@id":"https:\/\/www.eleonoraanzini.com\/it\/#website"},"datePublished":"2024-02-05T12:32:29+00:00","dateModified":"2025-02-17T08:20:00+00:00","breadcrumb":{"@id":"https:\/\/www.eleonoraanzini.com\/it\/servizi\/web-design\/supporto-tecnico-wordpress\/#breadcrumb"},"inLanguage":"it-IT","potentialAction":[{"@type":"ReadAction","target":["https:\/\/www.eleonoraanzini.com\/it\/servizi\/web-design\/supporto-tecnico-wordpress\/"]}]},{"@type":"BreadcrumbList","@id":"https:\/\/www.eleonoraanzini.com\/it\/servizi\/web-design\/supporto-tecnico-wordpress\/#breadcrumb","itemListElement":[{"@type":"ListItem","position":1,"name":"Servizi","item":"https:\/\/www.eleonoraanzini.com\/it\/services\/"},{"@type":"ListItem","position":2,"name":"Web design","item":"https:\/\/www.eleonoraanzini.com\/it\/servizi\/web-design\/"},{"@type":"ListItem","position":3,"name":"Supporto Tecnico WordPress"}]},{"@type":"WebSite","@id":"https:\/\/www.eleonoraanzini.com\/it\/#website","url":"https:\/\/www.eleonoraanzini.com\/it\/","name":"Eleonora Anzini \u00b7 Professional Freelance Brand Designer based in Italy","description":"Logo, marchio e immagine aziendale, grafica e web design | Studio Grafico Freelance con sede a Terni, Italia","publisher":{"@id":"https:\/\/www.eleonoraanzini.com\/it\/#organization"},"alternateName":"Eleonora Anzini \u00b7 Brand, Graphic & Web Design, Italy","potentialAction":[{"@type":"SearchAction","target":{"@type":"EntryPoint","urlTemplate":"https:\/\/www.eleonoraanzini.com\/it\/?s={search_term_string}"},"query-input":{"@type":"PropertyValueSpecification","valueRequired":true,"valueName":"search_term_string"}}],"inLanguage":"it-IT"},{"@type":"Organization","@id":"https:\/\/www.eleonoraanzini.com\/it\/#organization","name":"Eleonora Anzini eleonoraanzini.com","alternateName":"Eleonora Anzini","url":"https:\/\/www.eleonoraanzini.com\/it\/","logo":{"@type":"ImageObject","inLanguage":"it-IT","@id":"https:\/\/www.eleonoraanzini.com\/it\/#\/schema\/logo\/image\/","url":"https:\/\/www.eleonoraanzini.com\/wp-content\/uploads\/2024\/01\/cropped-ico.png","contentUrl":"https:\/\/www.eleonoraanzini.com\/wp-content\/uploads\/2024\/01\/cropped-ico.png","width":512,"height":512,"caption":"Eleonora Anzini eleonoraanzini.com"},"image":{"@id":"https:\/\/www.eleonoraanzini.com\/it\/#\/schema\/logo\/image\/"},"sameAs":["https:\/\/www.facebook.com\/eleonoraanzinicom\/","https:\/\/x.com\/dogfacedboy","https:\/\/www.linkedin.com\/in\/eleonoraanzini\/","https:\/\/instagram.com\/eleonoraanzinicom","https:\/\/profiles.wordpress.org\/eleonoraanzini\/"]}]}},"_links":{"self":[{"href":"https:\/\/www.eleonoraanzini.com\/it\/wp-json\/wp\/v2\/pages\/20208622","targetHints":{"allow":["GET"]}}],"collection":[{"href":"https:\/\/www.eleonoraanzini.com\/it\/wp-json\/wp\/v2\/pages"}],"about":[{"href":"https:\/\/www.eleonoraanzini.com\/it\/wp-json\/wp\/v2\/types\/page"}],"author":[{"embeddable":true,"href":"https:\/\/www.eleonoraanzini.com\/it\/wp-json\/wp\/v2\/users\/4"}],"replies":[{"embeddable":true,"href":"https:\/\/www.eleonoraanzini.com\/it\/wp-json\/wp\/v2\/comments?post=20208622"}],"version-history":[{"count":5,"href":"https:\/\/www.eleonoraanzini.com\/it\/wp-json\/wp\/v2\/pages\/20208622\/revisions"}],"predecessor-version":[{"id":20209362,"href":"https:\/\/www.eleonoraanzini.com\/it\/wp-json\/wp\/v2\/pages\/20208622\/revisions\/20209362"}],"up":[{"embeddable":true,"href":"https:\/\/www.eleonoraanzini.com\/it\/wp-json\/wp\/v2\/pages\/20208578"}],"wp:attachment":[{"href":"https:\/\/www.eleonoraanzini.com\/it\/wp-json\/wp\/v2\/media?parent=20208622"}],"curies":[{"name":"wp","href":"https:\/\/api.w.org\/{rel}","templated":true}]}}