{"id":20208644,"date":"2024-02-03T18:05:23","date_gmt":"2024-02-03T17:05:23","guid":{"rendered":"https:\/\/www.eleonoraanzini.com\/servizi\/strategia\/consulenza-sulla-brand-image\/"},"modified":"2026-01-07T18:31:31","modified_gmt":"2026-01-07T17:31:31","slug":"consulenza-sulla-brand-image","status":"publish","type":"page","link":"https:\/\/www.eleonoraanzini.com\/it\/servizi\/strategia\/consulenza-sulla-brand-image\/","title":{"rendered":"Consulenza sulla Brand Image"},"content":{"rendered":"<p>[et_pb_section fb_built=&#8221;1&#8243; admin_label=&#8221;section&#8221; _builder_version=&#8221;4.24.0&#8243; background_color=&#8221;#ffffff&#8221; custom_margin=&#8221;||||false|false&#8221; custom_padding=&#8221;0px||||false|false&#8221; global_colors_info=&#8221;{}&#8221; theme_builder_area=&#8221;post_content&#8221; da_is_popup=&#8221;off&#8221; da_exit_intent=&#8221;off&#8221; da_has_close=&#8221;on&#8221; da_alt_close=&#8221;off&#8221; da_dark_close=&#8221;off&#8221; da_not_modal=&#8221;on&#8221; da_is_singular=&#8221;off&#8221; da_with_loader=&#8221;off&#8221; da_has_shadow=&#8221;on&#8221; da_disable_devices=&#8221;off|off|off&#8221;][et_pb_row column_structure=&#8221;3_5,2_5&#8243; _builder_version=&#8221;4.24.0&#8243; _module_preset=&#8221;default&#8221; global_colors_info=&#8221;{}&#8221; theme_builder_area=&#8221;post_content&#8221;][et_pb_column type=&#8221;3_5&#8243; _builder_version=&#8221;4.24.0&#8243; _module_preset=&#8221;default&#8221; global_colors_info=&#8221;{}&#8221; theme_builder_area=&#8221;post_content&#8221;][et_pb_text _builder_version=&#8221;4.24.0&#8243; _module_preset=&#8221;default&#8221; link_font=&#8221;||||on||||&#8221; link_text_color=&#8221;#000000&#8243; global_colors_info=&#8221;{}&#8221; theme_builder_area=&#8221;post_content&#8221;]<\/p>\n<p>Sono qui per fornirti una guida esperta e supportarti nel potenziare e rifinire la tua identit\u00e0 grafica e web ad un livello completamente nuovo. Che tu stia cercando di apportare miglioramenti sottili o di subire una trasformazione completa, sono dedicato a aiutarti a raggiungere efficacemente i tuoi obiettivi.<\/p>\n<p>Durante la nostra sessione di consultazione, ti invito ad esprimere i tuoi interessi, preferenze e preoccupazioni riguardo la tua identit\u00e0 grafica e web. Capendo il tuo stile unico, visione e obiettivi, posso offrire raccomandazioni e intuizioni su misura per elevare la tua presenza online e la strategia di branding.<\/p>\n<p>[\/et_pb_text][et_pb_toggle title=&#8221;Come Funziona?&#8221; open_toggle_background_color=&#8221;#F7F5ED&#8221; closed_toggle_text_color=&#8221;#000000&#8243; closed_toggle_background_color=&#8221;#F7F5ED&#8221; icon_color=&#8221;#F54F63&#8243; toggle_icon=&#8221;&#xf063;||fa||900&#8243; open_icon_color=&#8221;#F54F63&#8243; open_toggle_icon=&#8221;&#xf062;||fa||900&#8243; _builder_version=&#8221;4.24.2&#8243; _module_preset=&#8221;default&#8221; title_level=&#8221;h3&#8243; custom_margin=&#8221;||0px||false|false&#8221; custom_padding=&#8221;10px|10px|10px|10px|true|true&#8221; border_width_all=&#8221;0px&#8221; border_width_bottom=&#8221;3px&#8221; border_color_bottom=&#8221;#000000&#8243; border_style_bottom=&#8221;dotted&#8221; locked=&#8221;off&#8221; global_colors_info=&#8221;{}&#8221; content__hover_enabled=&#8221;on|desktop&#8221; content__hover=&#8221;<\/p>\n<p><strong>Step 1 &#8211; Book &#038; Share<\/strong><span><br \/><\/span><a href=%22https:\/\/www.eleonoraanzini.com\/services\/strategy\/brand-image-consultation\/60-minute-brand-design-consultation\/%22 data-et-target-link=%22_blank%22 rel=%22noopener%22>Book now to lock in your consultation<\/a>. As I have your booking done, I&#8217;ll send a quick questionnaire your way. Fill it out and send it back before our chat\u2014it helps me get to know your brand before we even start talking.<\/p>\n<p><strong>Step 2 &#8211; Talk It Out<\/strong><span><br \/><\/span>We hop on a Google Meet call for a full hour. We&#8217;ll talk about what&#8217;s not clicking with your current brand look and explore options. If what you need doesn&#8217;t fit the usual boxes, I\u2019ll tailor a special quote just for your business.<\/p>\n<p><strong>Step 3 &#8211; Plan &#038; Understand<\/strong><span><br \/><\/span>By the end of our call, you\u2019ll have clear next steps. We\u2019ll pinpoint exactly what&#8217;s bugging you about your brand look and map out how to fix it.<\/p>\n<p><strong>Step 4 &#8211; Follow-Up<\/strong><span><br \/><\/span>After our talk, you&#8217;ll get a report from me. It&#8217;ll recap the gems from our conversation, outline where you&#8217;re at, where you&#8217;re headed, and how I think we can get there together.<\/p>\n<p>&#8221; theme_builder_area=&#8221;post_content&#8221;]<strong>Passo 1 &#8211; Prenota<\/strong><span><br \/>\n<\/span><a href=\"https:\/\/www.eleonoraanzini.com\/it\/servizi\/strategia\/consulenza-sulla-brand-image\/consulenza-di-60-minuti-sulla-tua-brand-image\/\" target=\"_blank\" rel=\"noopener\">Prenota ora per assicurarti la tua consulenza<\/a>. Non appena avr\u00f2 ricevuto la tua prenotazione, ti invier\u00f2 un breve questionario. Compilalo e rispediscilo prima della nostra chiacchierata &#8211; mi aiuta a conoscere il tuo marchio prima ancora di iniziare a parlare.<\/p>\n<p><strong>Passo 2 \u2013 Parliamone<\/strong><span><br \/>\n<\/span>Facciamo una chiamata su Google Meet per un&#8217;ora intera. Parleremo di ci\u00f2 che non funziona con l&#8217;attuale immagine del tuo marchio ed esploreremo le opzioni. Se ci\u00f2 di cui hai bisogno non rientra in una situazione standard, preparer\u00f2 un preventivo specifico proprio per la tua attivit\u00e0.<\/p>\n<p><strong>Passo 3 \u2013 Pianificazione<\/strong><span><br \/>\n<\/span>Alla fine della nostra chiamata, avrai chiari i passaggi da seguire. Individueremo esattamente ci\u00f2 che ti disturba dell&#8217;attuale immagine del tuo marchio e stileremo una mappa su come risolverlo.<\/p>\n<p><strong>Passo 4 \u2013 Follow-Up<\/strong><span><br \/>\n<\/span>Dopo il nostro colloquio, riceverai un report da parte mia. Riassumer\u00e0 i punti salienti della nostra conversazione, delineando la tua situazione attuale, le tue mete future e come penso possiamo arrivarci insieme.[\/et_pb_toggle][et_pb_toggle title=&#8221;Quanto Costa?&#8221; open_toggle_background_color=&#8221;#F7F5ED&#8221; closed_toggle_text_color=&#8221;#000000&#8243; closed_toggle_background_color=&#8221;#F7F5ED&#8221; icon_color=&#8221;#F54F63&#8243; toggle_icon=&#8221;&#xf063;||fa||900&#8243; open_icon_color=&#8221;#F54F63&#8243; open_toggle_icon=&#8221;&#xf062;||fa||900&#8243; _builder_version=&#8221;4.24.2&#8243; _module_preset=&#8221;default&#8221; title_level=&#8221;h3&#8243; custom_margin=&#8221;0px||||false|false&#8221; custom_padding=&#8221;10px|10px|10px|10px|true|true&#8221; border_width_all=&#8221;0px&#8221; border_width_bottom=&#8221;3px&#8221; border_color_bottom=&#8221;#000000&#8243; border_style_bottom=&#8221;dotted&#8221; locked=&#8221;off&#8221; global_colors_info=&#8221;{}&#8221; theme_builder_area=&#8221;post_content&#8221;]<\/p>\n<p>Il servizio \u00e8 di \u20ac120,00 (IVA esclusa) per una chiamata su Google Meet di 60 minuti, da pagare online con un unico pagamento prima della consulenza.<\/p>\n<p>[\/et_pb_toggle][et_pb_text _builder_version=&#8221;4.24.1&#8243; _module_preset=&#8221;default&#8221; global_colors_info=&#8221;{}&#8221; theme_builder_area=&#8221;post_content&#8221;]<\/p>\n<p><span>Se hai domande o necessiti di maggiori informazioni<\/span>, <a href=\"#form\">ti prego di compilare il modulo in fondo a questa pagina<\/a>, <span>fornendo dettagli sulla tua attivit\u00e0 e descrivendo le difficolt\u00e0 che stai incontrando<\/span>. <\/p>\n<p>[\/et_pb_text][et_pb_button button_url=&#8221;@ET-DC@eyJkeW5hbWljIjp0cnVlLCJjb250ZW50IjoicG9zdF9saW5rX3VybF9wYWdlIiwic2V0dGluZ3MiOnsicG9zdF9pZCI6IjIwMjA2NTI5In19@&#8221; button_text=&#8221;Voglio la mia consulenza!&#8221; _builder_version=&#8221;4.24.2&#8243; _dynamic_attributes=&#8221;button_url&#8221; _module_preset=&#8221;default&#8221; custom_button=&#8221;on&#8221; button_text_size=&#8221;16px&#8221; button_text_color=&#8221;#FFFFFF&#8221; button_bg_color=&#8221;#F54F63&#8243; button_border_width=&#8221;0px&#8221; button_letter_spacing=&#8221;1px&#8221; button_font=&#8221;|700||on|||||&#8221; custom_margin=&#8221;||10px||false|false&#8221; global_colors_info=&#8221;{}&#8221; theme_builder_area=&#8221;post_content&#8221;][\/et_pb_button][et_pb_text _builder_version=&#8221;4.24.0&#8243; _module_preset=&#8221;default&#8221; text_font_size=&#8221;0.8em&#8221; text_line_height=&#8221;1.4em&#8221; global_colors_info=&#8221;{}&#8221; theme_builder_area=&#8221;post_content&#8221;]<\/p>\n<p><span>Cliccando sul pulsante, verrai reindirizzato alla pagina di pagamento PayPal per assicurare la tua consulenza.<\/span><\/p>\n<p>[\/et_pb_text][\/et_pb_column][et_pb_column type=&#8221;2_5&#8243; _builder_version=&#8221;4.24.0&#8243; _module_preset=&#8221;default&#8221; global_colors_info=&#8221;{}&#8221; theme_builder_area=&#8221;post_content&#8221;][et_pb_cta title=&#8221;Consulenza sulla Brand Image in breve&#8221; button_url=&#8221;@ET-DC@eyJkeW5hbWljIjp0cnVlLCJjb250ZW50IjoicG9zdF9saW5rX3VybF9wYWdlIiwic2V0dGluZ3MiOnsicG9zdF9pZCI6IjIwMjA2NTI5In19@&#8221; button_text=&#8221;Voglio la mia consulenza!&#8221; module_class=&#8221;price-box&#8221; _builder_version=&#8221;4.24.2&#8243; _dynamic_attributes=&#8221;button_url&#8221; _module_preset=&#8221;default&#8221; header_level=&#8221;h3&#8243; background_enable_color=&#8221;off&#8221; custom_button=&#8221;on&#8221; text_orientation=&#8221;left&#8221; background_layout=&#8221;light&#8221; custom_padding=&#8221;20px|20px|20px|20px|true|true&#8221; custom_css_after=&#8221;content:%22Click to booking and PayPal payment%22;||font-size:0.8em;||line-height:0.6em!important;&#8221; locked=&#8221;off&#8221; global_colors_info=&#8221;{}&#8221; theme_builder_area=&#8221;post_content&#8221;]<\/p>\n<ul>\n<li>Un questionario per conoscerti<\/li>\n<li>Una chiamata di 60 minuti<\/li>\n<li>Un report di sintesi con i punti chiave dopo la nostra chiacchierata<\/li>\n<li>Guida sui tuoi prossimi passi e come scegliere il servizio giusto<\/li>\n<\/ul>\n<p>Prezzo: <strong>\u20ac120,00<\/strong>, pagamento anticipato tramite PayPal<\/p>\n<p>[\/et_pb_cta][\/et_pb_column][\/et_pb_row][\/et_pb_section]<\/p>\n","protected":false},"excerpt":{"rendered":"<p>Stai considerando un rinfresco del marchio o un nuovo sito? Discutiamo sulle soluzioni di design su misura per te, che guideranno il tuo processo decisionale.<\/p>\n","protected":false},"author":4,"featured_media":0,"parent":20208576,"menu_order":0,"comment_status":"closed","ping_status":"closed","template":"","meta":{"_et_pb_use_builder":"on","_et_pb_old_content":"","_et_gb_content_width":"","inline_featured_image":false,"footnotes":""},"class_list":["post-20208644","page","type-page","status-publish","hentry"],"yoast_head":"<!-- This site is optimized with the Yoast SEO plugin v27.3 - https:\/\/yoast.com\/product\/yoast-seo-wordpress\/ -->\n<title>Consulenza sulla Brand Image &#8226; Eleonora Anzini | Logo, Brand, Graphic &amp; Web Design<\/title>\n<meta name=\"robots\" content=\"index, follow, max-snippet:-1, max-image-preview:large, max-video-preview:-1\" \/>\n<link rel=\"canonical\" href=\"https:\/\/www.eleonoraanzini.com\/it\/servizi\/strategia\/consulenza-sulla-brand-image\/\" \/>\n<meta property=\"og:locale\" content=\"it_IT\" \/>\n<meta property=\"og:type\" content=\"article\" \/>\n<meta property=\"og:title\" content=\"Consulenza sulla Brand Image &#8226; Eleonora Anzini | Logo, Brand, Graphic &amp; Web Design\" \/>\n<meta property=\"og:description\" content=\"Stai considerando un rinfresco del marchio o un nuovo sito? Discutiamo sulle soluzioni di design su misura per te, che guideranno il tuo processo decisionale.\" \/>\n<meta property=\"og:url\" content=\"https:\/\/www.eleonoraanzini.com\/it\/servizi\/strategia\/consulenza-sulla-brand-image\/\" \/>\n<meta property=\"og:site_name\" content=\"Eleonora Anzini | Logo, Brand, Graphic &amp; Web Design\" \/>\n<meta property=\"article:publisher\" content=\"https:\/\/www.facebook.com\/eleonoraanzinicom\/\" \/>\n<meta property=\"article:modified_time\" content=\"2026-01-07T17:31:31+00:00\" \/>\n<meta property=\"og:image\" content=\"https:\/\/www.eleonoraanzini.com\/wp-content\/uploads\/2025\/07\/eleonoraanzini-com-screenshot-202507.png\" \/>\n\t<meta property=\"og:image:width\" content=\"2679\" \/>\n\t<meta property=\"og:image:height\" content=\"1638\" \/>\n\t<meta property=\"og:image:type\" content=\"image\/png\" \/>\n<meta name=\"twitter:card\" content=\"summary_large_image\" \/>\n<meta name=\"twitter:site\" content=\"@dogfacedboy\" \/>\n<meta name=\"twitter:label1\" content=\"Tempo di lettura stimato\" \/>\n\t<meta name=\"twitter:data1\" content=\"5 minuti\" \/>\n<script type=\"application\/ld+json\" class=\"yoast-schema-graph\">{\"@context\":\"https:\\\/\\\/schema.org\",\"@graph\":[{\"@type\":\"WebPage\",\"@id\":\"https:\\\/\\\/www.eleonoraanzini.com\\\/it\\\/servizi\\\/strategia\\\/consulenza-sulla-brand-image\\\/\",\"url\":\"https:\\\/\\\/www.eleonoraanzini.com\\\/it\\\/servizi\\\/strategia\\\/consulenza-sulla-brand-image\\\/\",\"name\":\"Consulenza sulla Brand Image &#8226; Eleonora Anzini | Logo, Brand, Graphic & Web Design\",\"isPartOf\":{\"@id\":\"https:\\\/\\\/www.eleonoraanzini.com\\\/it\\\/#website\"},\"datePublished\":\"2024-02-03T17:05:23+00:00\",\"dateModified\":\"2026-01-07T17:31:31+00:00\",\"breadcrumb\":{\"@id\":\"https:\\\/\\\/www.eleonoraanzini.com\\\/it\\\/servizi\\\/strategia\\\/consulenza-sulla-brand-image\\\/#breadcrumb\"},\"inLanguage\":\"it-IT\",\"potentialAction\":[{\"@type\":\"ReadAction\",\"target\":[\"https:\\\/\\\/www.eleonoraanzini.com\\\/it\\\/servizi\\\/strategia\\\/consulenza-sulla-brand-image\\\/\"]}]},{\"@type\":\"BreadcrumbList\",\"@id\":\"https:\\\/\\\/www.eleonoraanzini.com\\\/it\\\/servizi\\\/strategia\\\/consulenza-sulla-brand-image\\\/#breadcrumb\",\"itemListElement\":[{\"@type\":\"ListItem\",\"position\":1,\"name\":\"Servizi\",\"item\":\"https:\\\/\\\/www.eleonoraanzini.com\\\/it\\\/services\\\/\"},{\"@type\":\"ListItem\",\"position\":2,\"name\":\"Strategia\",\"item\":\"https:\\\/\\\/www.eleonoraanzini.com\\\/it\\\/servizi\\\/strategia\\\/\"},{\"@type\":\"ListItem\",\"position\":3,\"name\":\"Consulenza sulla Brand Image\"}]},{\"@type\":\"WebSite\",\"@id\":\"https:\\\/\\\/www.eleonoraanzini.com\\\/it\\\/#website\",\"url\":\"https:\\\/\\\/www.eleonoraanzini.com\\\/it\\\/\",\"name\":\"Eleonora Anzini \u00b7 Professional Freelance Brand Designer based in Italy\",\"description\":\"Logo, marchio e immagine aziendale, grafica e web design | Studio Grafico Freelance con sede a Terni, Italia\",\"publisher\":{\"@id\":\"https:\\\/\\\/www.eleonoraanzini.com\\\/it\\\/#organization\"},\"alternateName\":\"Eleonora Anzini \u00b7 Brand, Graphic & Web Design, Italy\",\"potentialAction\":[{\"@type\":\"SearchAction\",\"target\":{\"@type\":\"EntryPoint\",\"urlTemplate\":\"https:\\\/\\\/www.eleonoraanzini.com\\\/it\\\/?s={search_term_string}\"},\"query-input\":{\"@type\":\"PropertyValueSpecification\",\"valueRequired\":true,\"valueName\":\"search_term_string\"}}],\"inLanguage\":\"it-IT\"},{\"@type\":\"Organization\",\"@id\":\"https:\\\/\\\/www.eleonoraanzini.com\\\/it\\\/#organization\",\"name\":\"Eleonora Anzini eleonoraanzini.com\",\"alternateName\":\"Eleonora Anzini\",\"url\":\"https:\\\/\\\/www.eleonoraanzini.com\\\/it\\\/\",\"logo\":{\"@type\":\"ImageObject\",\"inLanguage\":\"it-IT\",\"@id\":\"https:\\\/\\\/www.eleonoraanzini.com\\\/it\\\/#\\\/schema\\\/logo\\\/image\\\/\",\"url\":\"https:\\\/\\\/www.eleonoraanzini.com\\\/wp-content\\\/uploads\\\/2024\\\/01\\\/cropped-ico.png\",\"contentUrl\":\"https:\\\/\\\/www.eleonoraanzini.com\\\/wp-content\\\/uploads\\\/2024\\\/01\\\/cropped-ico.png\",\"width\":512,\"height\":512,\"caption\":\"Eleonora Anzini eleonoraanzini.com\"},\"image\":{\"@id\":\"https:\\\/\\\/www.eleonoraanzini.com\\\/it\\\/#\\\/schema\\\/logo\\\/image\\\/\"},\"sameAs\":[\"https:\\\/\\\/www.facebook.com\\\/eleonoraanzinicom\\\/\",\"https:\\\/\\\/x.com\\\/dogfacedboy\",\"https:\\\/\\\/www.linkedin.com\\\/in\\\/eleonoraanzini\\\/\",\"https:\\\/\\\/instagram.com\\\/eleonoraanzinicom\",\"https:\\\/\\\/profiles.wordpress.org\\\/eleonoraanzini\\\/\"]}]}<\/script>\n<!-- \/ Yoast SEO plugin. -->","yoast_head_json":{"title":"Consulenza sulla Brand Image &#8226; Eleonora Anzini | Logo, Brand, Graphic & Web Design","robots":{"index":"index","follow":"follow","max-snippet":"max-snippet:-1","max-image-preview":"max-image-preview:large","max-video-preview":"max-video-preview:-1"},"canonical":"https:\/\/www.eleonoraanzini.com\/it\/servizi\/strategia\/consulenza-sulla-brand-image\/","og_locale":"it_IT","og_type":"article","og_title":"Consulenza sulla Brand Image &#8226; Eleonora Anzini | Logo, Brand, Graphic & Web Design","og_description":"Stai considerando un rinfresco del marchio o un nuovo sito? Discutiamo sulle soluzioni di design su misura per te, che guideranno il tuo processo decisionale.","og_url":"https:\/\/www.eleonoraanzini.com\/it\/servizi\/strategia\/consulenza-sulla-brand-image\/","og_site_name":"Eleonora Anzini | Logo, Brand, Graphic & Web Design","article_publisher":"https:\/\/www.facebook.com\/eleonoraanzinicom\/","article_modified_time":"2026-01-07T17:31:31+00:00","og_image":[{"width":2679,"height":1638,"url":"https:\/\/www.eleonoraanzini.com\/wp-content\/uploads\/2025\/07\/eleonoraanzini-com-screenshot-202507.png","type":"image\/png"}],"twitter_card":"summary_large_image","twitter_site":"@dogfacedboy","twitter_misc":{"Tempo di lettura stimato":"5 minuti"},"schema":{"@context":"https:\/\/schema.org","@graph":[{"@type":"WebPage","@id":"https:\/\/www.eleonoraanzini.com\/it\/servizi\/strategia\/consulenza-sulla-brand-image\/","url":"https:\/\/www.eleonoraanzini.com\/it\/servizi\/strategia\/consulenza-sulla-brand-image\/","name":"Consulenza sulla Brand Image &#8226; Eleonora Anzini | Logo, Brand, Graphic & Web Design","isPartOf":{"@id":"https:\/\/www.eleonoraanzini.com\/it\/#website"},"datePublished":"2024-02-03T17:05:23+00:00","dateModified":"2026-01-07T17:31:31+00:00","breadcrumb":{"@id":"https:\/\/www.eleonoraanzini.com\/it\/servizi\/strategia\/consulenza-sulla-brand-image\/#breadcrumb"},"inLanguage":"it-IT","potentialAction":[{"@type":"ReadAction","target":["https:\/\/www.eleonoraanzini.com\/it\/servizi\/strategia\/consulenza-sulla-brand-image\/"]}]},{"@type":"BreadcrumbList","@id":"https:\/\/www.eleonoraanzini.com\/it\/servizi\/strategia\/consulenza-sulla-brand-image\/#breadcrumb","itemListElement":[{"@type":"ListItem","position":1,"name":"Servizi","item":"https:\/\/www.eleonoraanzini.com\/it\/services\/"},{"@type":"ListItem","position":2,"name":"Strategia","item":"https:\/\/www.eleonoraanzini.com\/it\/servizi\/strategia\/"},{"@type":"ListItem","position":3,"name":"Consulenza sulla Brand Image"}]},{"@type":"WebSite","@id":"https:\/\/www.eleonoraanzini.com\/it\/#website","url":"https:\/\/www.eleonoraanzini.com\/it\/","name":"Eleonora Anzini \u00b7 Professional Freelance Brand Designer based in Italy","description":"Logo, marchio e immagine aziendale, grafica e web design | Studio Grafico Freelance con sede a Terni, Italia","publisher":{"@id":"https:\/\/www.eleonoraanzini.com\/it\/#organization"},"alternateName":"Eleonora Anzini \u00b7 Brand, Graphic & Web Design, Italy","potentialAction":[{"@type":"SearchAction","target":{"@type":"EntryPoint","urlTemplate":"https:\/\/www.eleonoraanzini.com\/it\/?s={search_term_string}"},"query-input":{"@type":"PropertyValueSpecification","valueRequired":true,"valueName":"search_term_string"}}],"inLanguage":"it-IT"},{"@type":"Organization","@id":"https:\/\/www.eleonoraanzini.com\/it\/#organization","name":"Eleonora Anzini eleonoraanzini.com","alternateName":"Eleonora Anzini","url":"https:\/\/www.eleonoraanzini.com\/it\/","logo":{"@type":"ImageObject","inLanguage":"it-IT","@id":"https:\/\/www.eleonoraanzini.com\/it\/#\/schema\/logo\/image\/","url":"https:\/\/www.eleonoraanzini.com\/wp-content\/uploads\/2024\/01\/cropped-ico.png","contentUrl":"https:\/\/www.eleonoraanzini.com\/wp-content\/uploads\/2024\/01\/cropped-ico.png","width":512,"height":512,"caption":"Eleonora Anzini eleonoraanzini.com"},"image":{"@id":"https:\/\/www.eleonoraanzini.com\/it\/#\/schema\/logo\/image\/"},"sameAs":["https:\/\/www.facebook.com\/eleonoraanzinicom\/","https:\/\/x.com\/dogfacedboy","https:\/\/www.linkedin.com\/in\/eleonoraanzini\/","https:\/\/instagram.com\/eleonoraanzinicom","https:\/\/profiles.wordpress.org\/eleonoraanzini\/"]}]}},"_links":{"self":[{"href":"https:\/\/www.eleonoraanzini.com\/it\/wp-json\/wp\/v2\/pages\/20208644","targetHints":{"allow":["GET"]}}],"collection":[{"href":"https:\/\/www.eleonoraanzini.com\/it\/wp-json\/wp\/v2\/pages"}],"about":[{"href":"https:\/\/www.eleonoraanzini.com\/it\/wp-json\/wp\/v2\/types\/page"}],"author":[{"embeddable":true,"href":"https:\/\/www.eleonoraanzini.com\/it\/wp-json\/wp\/v2\/users\/4"}],"replies":[{"embeddable":true,"href":"https:\/\/www.eleonoraanzini.com\/it\/wp-json\/wp\/v2\/comments?post=20208644"}],"version-history":[{"count":4,"href":"https:\/\/www.eleonoraanzini.com\/it\/wp-json\/wp\/v2\/pages\/20208644\/revisions"}],"predecessor-version":[{"id":20209945,"href":"https:\/\/www.eleonoraanzini.com\/it\/wp-json\/wp\/v2\/pages\/20208644\/revisions\/20209945"}],"up":[{"embeddable":true,"href":"https:\/\/www.eleonoraanzini.com\/it\/wp-json\/wp\/v2\/pages\/20208576"}],"wp:attachment":[{"href":"https:\/\/www.eleonoraanzini.com\/it\/wp-json\/wp\/v2\/media?parent=20208644"}],"curies":[{"name":"wp","href":"https:\/\/api.w.org\/{rel}","templated":true}]}}