{"id":20209649,"date":"2025-07-26T14:23:42","date_gmt":"2025-07-26T13:23:42","guid":{"rendered":"https:\/\/www.eleonoraanzini.com\/servizi\/strategia\/giornata-vip\/"},"modified":"2025-07-26T14:40:40","modified_gmt":"2025-07-26T13:40:40","slug":"giornata-vip","status":"publish","type":"page","link":"https:\/\/www.eleonoraanzini.com\/it\/servizi\/strategia\/giornata-vip\/","title":{"rendered":"Giornata Vip"},"content":{"rendered":"<p>[et_pb_section fb_built=&#8221;1&#8243; admin_label=&#8221;section&#8221; _builder_version=&#8221;4.24.0&#8243; background_color=&#8221;#ffffff&#8221; custom_margin=&#8221;||||false|false&#8221; custom_padding=&#8221;0px||||false|false&#8221; global_colors_info=&#8221;{}&#8221; theme_builder_area=&#8221;post_content&#8221;][et_pb_row column_structure=&#8221;3_5,2_5&#8243; _builder_version=&#8221;4.24.0&#8243; _module_preset=&#8221;default&#8221; global_colors_info=&#8221;{}&#8221; theme_builder_area=&#8221;post_content&#8221;][et_pb_column type=&#8221;3_5&#8243; _builder_version=&#8221;4.24.0&#8243; _module_preset=&#8221;default&#8221; global_colors_info=&#8221;{}&#8221; theme_builder_area=&#8221;post_content&#8221;][et_pb_text _builder_version=&#8221;4.27.4&#8243; _module_preset=&#8221;default&#8221; link_font=&#8221;||||on||||&#8221; link_text_color=&#8221;#000000&#8243; hover_enabled=&#8221;0&#8243; global_colors_info=&#8221;{}&#8221; theme_builder_area=&#8221;post_content&#8221; sticky_enabled=&#8221;0&#8243;]<\/p>\n<p data-start=\"626\" data-end=\"831\"><strong data-start=\"626\" data-end=\"659\">Un giorno. Concentrati al massimo. Solo noi.  <\/strong><br data-start=\"659\" data-end=\"662\">Lavoriamo insieme &#8211; online o di persona &#8211; per far progredire il tuo marchio. Un&#8217;immersione profonda nella tua identit\u00e0, nella tua strategia, nel tuo prossimo passo, in tempo reale. Con risultati reali.  <\/p>\n<p data-start=\"869\" data-end=\"945\">Un <strong data-start=\"871\" data-end=\"882\">VIP Day<\/strong> \u00e8 una sessione di progettazione e strategia individuale di un&#8217;intera giornata con me.<\/p>\n<p data-start=\"947\" data-end=\"1202\">\u00c8 per quando sei pronto a fare progressi: non il mese prossimo, non dopo un lungo tira e molla, ma <strong data-start=\"1046\" data-end=\"1053\">adesso<\/strong>.<br data-start=\"1054\" data-end=\"1057\">Lavoreremo insieme in tempo reale, con la massima concentrazione, per fare chiarezza, dare forma alle idee e prendere decisioni che portino il tuo marchio nella giusta direzione.<\/p>\n<p data-start=\"1204\" data-end=\"1268\">\u00c8 coinvolgente. \u00c8 intenso. Ed \u00e8 completamente su misura per te.  <\/p>\n<p data-start=\"1316\" data-end=\"1369\">Ogni giornata VIP \u00e8 personalizzata, ma ecco cosa potremmo fare:<\/p>\n<ul data-start=\"1371\" data-end=\"1824\">\n<li data-start=\"1371\" data-end=\"1413\">\n<p data-start=\"1373\" data-end=\"1413\">Definisci o perfeziona la <strong data-start=\"1395\" data-end=\"1413\">strategia del<\/strong> tuo <strong data-start=\"1395\" data-end=\"1413\">marchio<\/strong><\/p>\n<\/li>\n<li data-start=\"1414\" data-end=\"1487\">\n<p data-start=\"1416\" data-end=\"1487\">Rivedere e rinfrescare la tua <strong data-start=\"1440\" data-end=\"1459\">identit\u00e0 visiva<\/strong> (logo, palette, tipografia)<\/p>\n<\/li>\n<li data-start=\"1488\" data-end=\"1540\">\n<p data-start=\"1490\" data-end=\"1540\">Mappatura della <strong data-start=\"1503\" data-end=\"1540\">struttura del sito web + wireframe UX<\/strong><\/p>\n<\/li>\n<li data-start=\"1541\" data-end=\"1610\">\n<p data-start=\"1543\" data-end=\"1610\">Co-progettare un <strong data-start=\"1555\" data-end=\"1569\">kit di lancio<\/strong> o un <strong data-start=\"1573\" data-end=\"1590\">kit di strumenti del marchio<\/strong> per un prodotto\/evento<\/p>\n<\/li>\n<li data-start=\"1611\" data-end=\"1671\">\n<p data-start=\"1613\" data-end=\"1671\">Costruisci un <strong data-start=\"1621\" data-end=\"1640\">prototipo di sito web<\/strong> con la direzione del design e del copy.<\/p>\n<\/li>\n<li data-start=\"1672\" data-end=\"1726\">\n<p data-start=\"1674\" data-end=\"1726\">Crea o migliora il tuo <strong data-start=\"1697\" data-end=\"1726\">sito web Divi o Elementor<\/strong><\/p>\n<\/li>\n<li data-start=\"1727\" data-end=\"1777\">\n<p data-start=\"1729\" data-end=\"1777\">Ricevi una <strong data-start=\"1743\" data-end=\"1777\">sessione di formazione su WordPress 1:1<\/strong><\/p>\n<\/li>\n<li data-start=\"1778\" data-end=\"1824\">\n<p data-start=\"1780\" data-end=\"1824\">Oppure&#8230; qualcosa di completamente diverso, basta chiedere!<\/p>\n<\/li>\n<\/ul>\n<p>[\/et_pb_text][et_pb_toggle title=&#8221;Come Funziona?&#8221; open_toggle_background_color=&#8221;#F7F5ED&#8221; closed_toggle_text_color=&#8221;#000000&#8243; closed_toggle_background_color=&#8221;#F7F5ED&#8221; icon_color=&#8221;#F54F63&#8243; toggle_icon=&#8221;&#xf063;||fa||900&#8243; open_icon_color=&#8221;#F54F63&#8243; open_toggle_icon=&#8221;&#xf062;||fa||900&#8243; _builder_version=&#8221;4.27.4&#8243; _module_preset=&#8221;default&#8221; title_level=&#8221;h3&#8243; custom_margin=&#8221;||0px||false|false&#8221; custom_padding=&#8221;10px|10px|10px|10px|true|true&#8221; hover_enabled=&#8221;0&#8243; border_width_all=&#8221;0px&#8221; border_width_bottom=&#8221;3px&#8221; border_color_bottom=&#8221;#000000&#8243; border_style_bottom=&#8221;dotted&#8221; locked=&#8221;off&#8221; global_colors_info=&#8221;{}&#8221; theme_builder_area=&#8221;post_content&#8221; sticky_enabled=&#8221;0&#8243;]<\/p>\n<h3 data-start=\"1855\" data-end=\"1880\">Opzione 1 &#8211; <strong data-start=\"1870\" data-end=\"1880\">Online<\/strong><\/h3>\n<ul data-start=\"1881\" data-end=\"2085\">\n<li data-start=\"1881\" data-end=\"1923\">\n<p data-start=\"1883\" data-end=\"1923\">6 ore di collaborazione dal vivo tramite Google Meet<\/p>\n<\/li>\n<li data-start=\"1924\" data-end=\"1984\">\n<p data-start=\"1926\" data-end=\"1984\">Condividiamo gli schermi, usiamo Figma o altri strumenti e portiamo a termine i nostri compiti.<\/p>\n<\/li>\n<li data-start=\"1985\" data-end=\"2025\">\n<p data-start=\"1987\" data-end=\"2025\">Include un questionario sul marchio prima della giornata<\/p>\n<\/li>\n<li data-start=\"2026\" data-end=\"2085\">\n<p data-start=\"2028\" data-end=\"2085\">Riceverai un PDF di riepilogo con i risultati e le fasi successive.<\/p>\n<\/li>\n<\/ul>\n<h3 data-start=\"2087\" data-end=\"2115\">Opzione 2 &#8211; <strong data-start=\"2102\" data-end=\"2115\">Di persona<\/strong><\/h3>\n<ul data-start=\"2116\" data-end=\"2312\">\n<li data-start=\"2116\" data-end=\"2172\">\n<p data-start=\"2118\" data-end=\"2172\">Incontriamoci nel mio studio in Umbria, Italia, o nel tuo spazio.<\/p>\n<\/li>\n<li data-start=\"2173\" data-end=\"2251\">\n<p data-start=\"2175\" data-end=\"2251\">Possiamo anche scegliere un ambiente creativo (un caff\u00e8 tranquillo, un coworking, la campagna).<\/p>\n<\/li>\n<li data-start=\"2252\" data-end=\"2312\">\n<p data-start=\"2254\" data-end=\"2312\">Stesso formato, con schizzi, revisione in tempo reale e caff\u00e8!<\/p>\n<\/li>\n<\/ul>\n<p>[\/et_pb_toggle][et_pb_toggle title=&#8221;Quanto Tempo Ci Vuole&#8221; open_toggle_background_color=&#8221;#F7F5ED&#8221; closed_toggle_text_color=&#8221;#000000&#8243; closed_toggle_background_color=&#8221;#F7F5ED&#8221; icon_color=&#8221;#F54F63&#8243; toggle_icon=&#8221;&#xf063;||fa||900&#8243; open_icon_color=&#8221;#F54F63&#8243; open_toggle_icon=&#8221;&#xf062;||fa||900&#8243; _builder_version=&#8221;4.27.4&#8243; _module_preset=&#8221;default&#8221; title_level=&#8221;h3&#8243; custom_margin=&#8221;||0px||false|false&#8221; custom_padding=&#8221;10px|10px|10px|10px|true|true&#8221; hover_enabled=&#8221;0&#8243; border_width_all=&#8221;0px&#8221; border_width_bottom=&#8221;3px&#8221; border_color_bottom=&#8221;#000000&#8243; border_style_bottom=&#8221;dotted&#8221; locked=&#8221;off&#8221; global_colors_info=&#8221;{}&#8221; theme_builder_area=&#8221;post_content&#8221; sticky_enabled=&#8221;0&#8243;]<\/p>\n<ul>\n<li data-start=\"2346\" data-end=\"2394\">\n<p data-start=\"2348\" data-end=\"2394\">Un&#8217;intera giornata di lavoro con me (6 ore focalizzate)<\/p>\n<\/li>\n<li data-start=\"2395\" data-end=\"2457\">\n<p data-start=\"2397\" data-end=\"2457\">Collaborazione one-to-one, design e strategia in tempo reale<\/p>\n<\/li>\n<li data-start=\"2458\" data-end=\"2516\">\n<p data-start=\"2460\" data-end=\"2516\">Questionario di preparazione al marchio (da compilare prima di iniziare)<\/p>\n<\/li>\n<li data-start=\"2517\" data-end=\"2557\">\n<p data-start=\"2519\" data-end=\"2557\">Riassunto in PDF di tutto ci\u00f2 che abbiamo trattato<\/p>\n<\/li>\n<li data-start=\"2558\" data-end=\"2599\">\n<p data-start=\"2560\" data-end=\"2599\">Follow-up di 3 giorni via e-mail o WhatsApp<\/p>\n<\/li>\n<\/ul>\n<p>[\/et_pb_toggle][et_pb_toggle title=&#8221;Quanto Costa?&#8221; open_toggle_background_color=&#8221;#F7F5ED&#8221; closed_toggle_text_color=&#8221;#000000&#8243; closed_toggle_background_color=&#8221;#F7F5ED&#8221; icon_color=&#8221;#F54F63&#8243; toggle_icon=&#8221;&#xf063;||fa||900&#8243; open_icon_color=&#8221;#F54F63&#8243; open_toggle_icon=&#8221;&#xf062;||fa||900&#8243; _builder_version=&#8221;4.27.4&#8243; _module_preset=&#8221;default&#8221; title_level=&#8221;h3&#8243; custom_margin=&#8221;||0px||false|false&#8221; custom_padding=&#8221;10px|10px|10px|10px|true|true&#8221; border_width_all=&#8221;0px&#8221; border_width_bottom=&#8221;3px&#8221; border_color_bottom=&#8221;#000000&#8243; border_style_bottom=&#8221;dotted&#8221; locked=&#8221;off&#8221; global_colors_info=&#8221;{}&#8221; theme_builder_area=&#8221;post_content&#8221; sticky_enabled=&#8221;0&#8243;]<\/p>\n<p>Il servizio ha un prezzo di <strong data-start=\"2667\" data-end=\"2681\">750\u20ac + IVA<\/strong>.<\/p>\n<p data-start=\"2685\" data-end=\"2908\">Cosa otterrai:<br data-start=\"2698\" data-end=\"2701\">\u2714 6 ore di concentrazione completa<br data-start=\"2724\" data-end=\"2727\">\u2714 Lavoro personalizzato svolto insieme<br data-start=\"2754\" data-end=\"2757\">\u2714 Chiarezza del marchio e risultati concreti<br data-start=\"2798\" data-end=\"2801\">\u2714 Direzione strategica e tranquillit\u00e0<br data-start=\"2840\" data-end=\"2843\">\u2714 Follow-up personalizzato<br data-start=\"2867\" data-end=\"2870\">\u2714 Formato flessibile: online o di persona<\/p>\n<p>[\/et_pb_toggle][et_pb_toggle title=&#8221;Domande frequenti&#8221; open_toggle_background_color=&#8221;#F7F5ED&#8221; closed_toggle_text_color=&#8221;#000000&#8243; closed_toggle_background_color=&#8221;#F7F5ED&#8221; icon_color=&#8221;#F54F63&#8243; toggle_icon=&#8221;&#xf063;||fa||900&#8243; open_icon_color=&#8221;#F54F63&#8243; open_toggle_icon=&#8221;&#xf062;||fa||900&#8243; _builder_version=&#8221;4.27.4&#8243; _module_preset=&#8221;default&#8221; title_level=&#8221;h3&#8243; custom_margin=&#8221;0px||||false|false&#8221; custom_padding=&#8221;10px|10px|10px|10px|true|true&#8221; border_width_all=&#8221;0px&#8221; border_width_bottom=&#8221;3px&#8221; border_color_bottom=&#8221;#000000&#8243; border_style_bottom=&#8221;dotted&#8221; locked=&#8221;off&#8221; global_colors_info=&#8221;{}&#8221; theme_builder_area=&#8221;post_content&#8221; sticky_enabled=&#8221;0&#8243; hover_enabled=&#8221;0&#8243;]<\/p>\n<ul>\n<li data-start=\"2346\" data-end=\"2394\">\n<p data-start=\"3122\" data-end=\"3300\"><strong data-start=\"3122\" data-end=\"3147\">\u00c8 giusto per me?<\/strong><br data-start=\"3147\" data-end=\"3150\">Se hai bisogno di chiarezza, slancio o dell&#8217;aiuto di un esperto e vuoi evitare le lungaggini, s\u00ec. \u00c8 ideale per creativi, fondatori, consulenti e imprenditori. <\/p>\n<p data-start=\"3302\" data-end=\"3432\"><strong data-start=\"3302\" data-end=\"3336\"><\/strong><\/p>\n<\/li>\n<li data-start=\"2346\" data-end=\"2394\">\n<p data-start=\"3302\" data-end=\"3432\"><strong data-start=\"3302\" data-end=\"3336\">Devo preparare qualcosa?<\/strong><br data-start=\"3336\" data-end=\"3339\">Basta compilare il mio breve modulo di preparazione qualche giorno prima. Mi aiuta ad adattare la giornata ai tuoi obiettivi. <\/p>\n<p data-start=\"3434\" data-end=\"3566\"><strong data-start=\"3434\" data-end=\"3477\"><\/strong><\/p>\n<\/li>\n<li data-start=\"2346\" data-end=\"2394\">\n<p data-start=\"3434\" data-end=\"3566\"><strong data-start=\"3434\" data-end=\"3477\">Possiamo dividere la sessione in due giorni?<\/strong><br data-start=\"3477\" data-end=\"3480\">No, il VIP Day funziona meglio come un&#8217;unica giornata focalizzata. Tuttavia, se necessario, offro delle ore di follow-up. <\/p>\n<\/li>\n<\/ul>\n<p>[\/et_pb_toggle][et_pb_text _builder_version=&#8221;4.24.1&#8243; _module_preset=&#8221;default&#8221; global_colors_info=&#8221;{}&#8221; theme_builder_area=&#8221;post_content&#8221;]<\/p>\n<p><span>Se hai domande o necessiti di maggiori informazioni<\/span>, <a href=\"#form\">ti prego di compilare il modulo in fondo a questa pagina<\/a>, <span>fornendo dettagli sulla tua attivit\u00e0 e descrivendo le difficolt\u00e0 che stai incontrando<\/span>. <\/p>\n<p>[\/et_pb_text][et_pb_button button_url=&#8221;#form&#8221; button_text=&#8221;Sei pronto a lavorare insieme, uno a uno?&#8221; _builder_version=&#8221;4.27.4&#8243; _module_preset=&#8221;default&#8221; custom_button=&#8221;on&#8221; button_text_size=&#8221;16px&#8221; button_text_color=&#8221;#FFFFFF&#8221; button_bg_color=&#8221;#F54F63&#8243; button_border_width=&#8221;0px&#8221; button_letter_spacing=&#8221;1px&#8221; button_font=&#8221;|700||on|||||&#8221; custom_margin=&#8221;||10px||false|false&#8221; hover_enabled=&#8221;0&#8243; global_colors_info=&#8221;{}&#8221; theme_builder_area=&#8221;post_content&#8221; sticky_enabled=&#8221;0&#8243;][\/et_pb_button][\/et_pb_column][et_pb_column type=&#8221;2_5&#8243; _builder_version=&#8221;4.24.0&#8243; _module_preset=&#8221;default&#8221; global_colors_info=&#8221;{}&#8221; theme_builder_area=&#8221;post_content&#8221;][et_pb_cta title=&#8221;@ET-DC@eyJkeW5hbWljIjp0cnVlLCJjb250ZW50IjoicG9zdF90aXRsZSIsInNldHRpbmdzIjp7ImJlZm9yZSI6IiIsImFmdGVyIjoiIGluIEJyZXZlIiwiZW5hYmxlX2h0bWwiOiJvZmYifX0=@&#8221; button_url=&#8221;#form&#8221; button_text=&#8221;Sei pronto a lavorare insieme, uno a uno?&#8221; module_class=&#8221;price-box&#8221; _builder_version=&#8221;4.27.4&#8243; _dynamic_attributes=&#8221;title&#8221; _module_preset=&#8221;default&#8221; header_level=&#8221;h3&#8243; background_enable_color=&#8221;off&#8221; custom_button=&#8221;on&#8221; text_orientation=&#8221;left&#8221; background_layout=&#8221;light&#8221; custom_padding=&#8221;20px|20px|20px|20px|true|true&#8221; hover_enabled=&#8221;0&#8243; locked=&#8221;off&#8221; global_colors_info=&#8221;{}&#8221; theme_builder_area=&#8221;post_content&#8221; sticky_enabled=&#8221;0&#8243;]<\/p>\n<p>Dedichiamo un&#8217;intera giornata a far progredire il tuo marchio o il tuo sito web.<\/p>\n<ul>\n<li>6 ore di concentrazione totale<\/li>\n<li>Lavoro personalizzato fatto insieme<\/li>\n<li>Chiarezza del marchio e risultati concreti<\/li>\n<li>Direzione strategica e tranquillit\u00e0<\/li>\n<li>Follow-up personalizzato<\/li>\n<li>Formato flessibile: online o di persona<\/li>\n<\/ul>\n<p>Prezzo: <strong data-start=\"2667\" data-end=\"2681\">\u20ac750,00<\/strong><\/p>\n<p>[\/et_pb_cta][\/et_pb_column][\/et_pb_row][\/et_pb_section]<\/p>\n","protected":false},"excerpt":{"rendered":"<p>Un&#8217;intera giornata di Brand Strategy e Design con me!<\/p>\n","protected":false},"author":4,"featured_media":0,"parent":20208576,"menu_order":0,"comment_status":"closed","ping_status":"closed","template":"","meta":{"_et_pb_use_builder":"on","_et_pb_old_content":"","_et_gb_content_width":"","inline_featured_image":false,"footnotes":""},"class_list":["post-20209649","page","type-page","status-publish","hentry"],"yoast_head":"<!-- This site is optimized with the Yoast SEO plugin v27.3 - https:\/\/yoast.com\/product\/yoast-seo-wordpress\/ -->\n<title>Giornata Vip &#8226; Eleonora Anzini | Logo, Brand, Graphic &amp; Web Design<\/title>\n<meta name=\"description\" content=\"Prenota un VIP Design Day con me per un&#039;intera giornata dedicata alla strategia del tuo marchio, alla tua identit\u00e0 o al tuo sito web. 1 a 1, online o di persona. Facciamo dei veri progressi in un giorno!\" \/>\n<meta name=\"robots\" content=\"index, follow, max-snippet:-1, max-image-preview:large, max-video-preview:-1\" \/>\n<link rel=\"canonical\" href=\"https:\/\/www.eleonoraanzini.com\/it\/servizi\/strategia\/giornata-vip\/\" \/>\n<meta property=\"og:locale\" content=\"it_IT\" \/>\n<meta property=\"og:type\" content=\"article\" \/>\n<meta property=\"og:title\" content=\"Giornata Vip &#8226; Eleonora Anzini | Logo, Brand, Graphic &amp; Web Design\" \/>\n<meta property=\"og:description\" content=\"Prenota un VIP Design Day con me per un&#039;intera giornata dedicata alla strategia del tuo marchio, alla tua identit\u00e0 o al tuo sito web. 1 a 1, online o di persona. Facciamo dei veri progressi in un giorno!\" \/>\n<meta property=\"og:url\" content=\"https:\/\/www.eleonoraanzini.com\/it\/servizi\/strategia\/giornata-vip\/\" \/>\n<meta property=\"og:site_name\" content=\"Eleonora Anzini | Logo, Brand, Graphic &amp; Web Design\" \/>\n<meta property=\"article:publisher\" content=\"https:\/\/www.facebook.com\/eleonoraanzinicom\/\" \/>\n<meta property=\"article:modified_time\" content=\"2025-07-26T13:40:40+00:00\" \/>\n<meta property=\"og:image\" content=\"https:\/\/www.eleonoraanzini.com\/wp-content\/uploads\/2025\/07\/eleonoraanzini-com-screenshot-202507.png\" \/>\n\t<meta property=\"og:image:width\" content=\"2679\" \/>\n\t<meta property=\"og:image:height\" content=\"1638\" \/>\n\t<meta property=\"og:image:type\" content=\"image\/png\" \/>\n<meta name=\"twitter:card\" content=\"summary_large_image\" \/>\n<meta name=\"twitter:site\" content=\"@dogfacedboy\" \/>\n<meta name=\"twitter:label1\" content=\"Tempo di lettura stimato\" \/>\n\t<meta name=\"twitter:data1\" content=\"6 minuti\" \/>\n<script type=\"application\/ld+json\" class=\"yoast-schema-graph\">{\"@context\":\"https:\\\/\\\/schema.org\",\"@graph\":[{\"@type\":\"WebPage\",\"@id\":\"https:\\\/\\\/www.eleonoraanzini.com\\\/it\\\/servizi\\\/strategia\\\/giornata-vip\\\/\",\"url\":\"https:\\\/\\\/www.eleonoraanzini.com\\\/it\\\/servizi\\\/strategia\\\/giornata-vip\\\/\",\"name\":\"Giornata Vip &#8226; Eleonora Anzini | Logo, Brand, Graphic & Web Design\",\"isPartOf\":{\"@id\":\"https:\\\/\\\/www.eleonoraanzini.com\\\/it\\\/#website\"},\"datePublished\":\"2025-07-26T13:23:42+00:00\",\"dateModified\":\"2025-07-26T13:40:40+00:00\",\"description\":\"Prenota un VIP Design Day con me per un'intera giornata dedicata alla strategia del tuo marchio, alla tua identit\u00e0 o al tuo sito web. 1 a 1, online o di persona. Facciamo dei veri progressi in un giorno!\",\"breadcrumb\":{\"@id\":\"https:\\\/\\\/www.eleonoraanzini.com\\\/it\\\/servizi\\\/strategia\\\/giornata-vip\\\/#breadcrumb\"},\"inLanguage\":\"it-IT\",\"potentialAction\":[{\"@type\":\"ReadAction\",\"target\":[\"https:\\\/\\\/www.eleonoraanzini.com\\\/it\\\/servizi\\\/strategia\\\/giornata-vip\\\/\"]}]},{\"@type\":\"BreadcrumbList\",\"@id\":\"https:\\\/\\\/www.eleonoraanzini.com\\\/it\\\/servizi\\\/strategia\\\/giornata-vip\\\/#breadcrumb\",\"itemListElement\":[{\"@type\":\"ListItem\",\"position\":1,\"name\":\"Servizi\",\"item\":\"https:\\\/\\\/www.eleonoraanzini.com\\\/it\\\/services\\\/\"},{\"@type\":\"ListItem\",\"position\":2,\"name\":\"Strategia\",\"item\":\"https:\\\/\\\/www.eleonoraanzini.com\\\/it\\\/servizi\\\/strategia\\\/\"},{\"@type\":\"ListItem\",\"position\":3,\"name\":\"Giornata Vip\"}]},{\"@type\":\"WebSite\",\"@id\":\"https:\\\/\\\/www.eleonoraanzini.com\\\/it\\\/#website\",\"url\":\"https:\\\/\\\/www.eleonoraanzini.com\\\/it\\\/\",\"name\":\"Eleonora Anzini \u00b7 Professional Freelance Brand Designer based in Italy\",\"description\":\"Logo, marchio e immagine aziendale, grafica e web design | Studio Grafico Freelance con sede a Terni, Italia\",\"publisher\":{\"@id\":\"https:\\\/\\\/www.eleonoraanzini.com\\\/it\\\/#organization\"},\"alternateName\":\"Eleonora Anzini \u00b7 Brand, Graphic & Web Design, Italy\",\"potentialAction\":[{\"@type\":\"SearchAction\",\"target\":{\"@type\":\"EntryPoint\",\"urlTemplate\":\"https:\\\/\\\/www.eleonoraanzini.com\\\/it\\\/?s={search_term_string}\"},\"query-input\":{\"@type\":\"PropertyValueSpecification\",\"valueRequired\":true,\"valueName\":\"search_term_string\"}}],\"inLanguage\":\"it-IT\"},{\"@type\":\"Organization\",\"@id\":\"https:\\\/\\\/www.eleonoraanzini.com\\\/it\\\/#organization\",\"name\":\"Eleonora Anzini eleonoraanzini.com\",\"alternateName\":\"Eleonora Anzini\",\"url\":\"https:\\\/\\\/www.eleonoraanzini.com\\\/it\\\/\",\"logo\":{\"@type\":\"ImageObject\",\"inLanguage\":\"it-IT\",\"@id\":\"https:\\\/\\\/www.eleonoraanzini.com\\\/it\\\/#\\\/schema\\\/logo\\\/image\\\/\",\"url\":\"https:\\\/\\\/www.eleonoraanzini.com\\\/wp-content\\\/uploads\\\/2024\\\/01\\\/cropped-ico.png\",\"contentUrl\":\"https:\\\/\\\/www.eleonoraanzini.com\\\/wp-content\\\/uploads\\\/2024\\\/01\\\/cropped-ico.png\",\"width\":512,\"height\":512,\"caption\":\"Eleonora Anzini eleonoraanzini.com\"},\"image\":{\"@id\":\"https:\\\/\\\/www.eleonoraanzini.com\\\/it\\\/#\\\/schema\\\/logo\\\/image\\\/\"},\"sameAs\":[\"https:\\\/\\\/www.facebook.com\\\/eleonoraanzinicom\\\/\",\"https:\\\/\\\/x.com\\\/dogfacedboy\",\"https:\\\/\\\/www.linkedin.com\\\/in\\\/eleonoraanzini\\\/\",\"https:\\\/\\\/instagram.com\\\/eleonoraanzinicom\",\"https:\\\/\\\/profiles.wordpress.org\\\/eleonoraanzini\\\/\"]}]}<\/script>\n<!-- \/ Yoast SEO plugin. -->","yoast_head_json":{"title":"Giornata Vip &#8226; Eleonora Anzini | Logo, Brand, Graphic & Web Design","description":"Prenota un VIP Design Day con me per un'intera giornata dedicata alla strategia del tuo marchio, alla tua identit\u00e0 o al tuo sito web. 1 a 1, online o di persona. Facciamo dei veri progressi in un giorno!","robots":{"index":"index","follow":"follow","max-snippet":"max-snippet:-1","max-image-preview":"max-image-preview:large","max-video-preview":"max-video-preview:-1"},"canonical":"https:\/\/www.eleonoraanzini.com\/it\/servizi\/strategia\/giornata-vip\/","og_locale":"it_IT","og_type":"article","og_title":"Giornata Vip &#8226; Eleonora Anzini | Logo, Brand, Graphic & Web Design","og_description":"Prenota un VIP Design Day con me per un'intera giornata dedicata alla strategia del tuo marchio, alla tua identit\u00e0 o al tuo sito web. 1 a 1, online o di persona. Facciamo dei veri progressi in un giorno!","og_url":"https:\/\/www.eleonoraanzini.com\/it\/servizi\/strategia\/giornata-vip\/","og_site_name":"Eleonora Anzini | Logo, Brand, Graphic & Web Design","article_publisher":"https:\/\/www.facebook.com\/eleonoraanzinicom\/","article_modified_time":"2025-07-26T13:40:40+00:00","og_image":[{"width":2679,"height":1638,"url":"https:\/\/www.eleonoraanzini.com\/wp-content\/uploads\/2025\/07\/eleonoraanzini-com-screenshot-202507.png","type":"image\/png"}],"twitter_card":"summary_large_image","twitter_site":"@dogfacedboy","twitter_misc":{"Tempo di lettura stimato":"6 minuti"},"schema":{"@context":"https:\/\/schema.org","@graph":[{"@type":"WebPage","@id":"https:\/\/www.eleonoraanzini.com\/it\/servizi\/strategia\/giornata-vip\/","url":"https:\/\/www.eleonoraanzini.com\/it\/servizi\/strategia\/giornata-vip\/","name":"Giornata Vip &#8226; Eleonora Anzini | Logo, Brand, Graphic & Web Design","isPartOf":{"@id":"https:\/\/www.eleonoraanzini.com\/it\/#website"},"datePublished":"2025-07-26T13:23:42+00:00","dateModified":"2025-07-26T13:40:40+00:00","description":"Prenota un VIP Design Day con me per un'intera giornata dedicata alla strategia del tuo marchio, alla tua identit\u00e0 o al tuo sito web. 1 a 1, online o di persona. Facciamo dei veri progressi in un giorno!","breadcrumb":{"@id":"https:\/\/www.eleonoraanzini.com\/it\/servizi\/strategia\/giornata-vip\/#breadcrumb"},"inLanguage":"it-IT","potentialAction":[{"@type":"ReadAction","target":["https:\/\/www.eleonoraanzini.com\/it\/servizi\/strategia\/giornata-vip\/"]}]},{"@type":"BreadcrumbList","@id":"https:\/\/www.eleonoraanzini.com\/it\/servizi\/strategia\/giornata-vip\/#breadcrumb","itemListElement":[{"@type":"ListItem","position":1,"name":"Servizi","item":"https:\/\/www.eleonoraanzini.com\/it\/services\/"},{"@type":"ListItem","position":2,"name":"Strategia","item":"https:\/\/www.eleonoraanzini.com\/it\/servizi\/strategia\/"},{"@type":"ListItem","position":3,"name":"Giornata Vip"}]},{"@type":"WebSite","@id":"https:\/\/www.eleonoraanzini.com\/it\/#website","url":"https:\/\/www.eleonoraanzini.com\/it\/","name":"Eleonora Anzini \u00b7 Professional Freelance Brand Designer based in Italy","description":"Logo, marchio e immagine aziendale, grafica e web design | Studio Grafico Freelance con sede a Terni, Italia","publisher":{"@id":"https:\/\/www.eleonoraanzini.com\/it\/#organization"},"alternateName":"Eleonora Anzini \u00b7 Brand, Graphic & Web Design, Italy","potentialAction":[{"@type":"SearchAction","target":{"@type":"EntryPoint","urlTemplate":"https:\/\/www.eleonoraanzini.com\/it\/?s={search_term_string}"},"query-input":{"@type":"PropertyValueSpecification","valueRequired":true,"valueName":"search_term_string"}}],"inLanguage":"it-IT"},{"@type":"Organization","@id":"https:\/\/www.eleonoraanzini.com\/it\/#organization","name":"Eleonora Anzini eleonoraanzini.com","alternateName":"Eleonora Anzini","url":"https:\/\/www.eleonoraanzini.com\/it\/","logo":{"@type":"ImageObject","inLanguage":"it-IT","@id":"https:\/\/www.eleonoraanzini.com\/it\/#\/schema\/logo\/image\/","url":"https:\/\/www.eleonoraanzini.com\/wp-content\/uploads\/2024\/01\/cropped-ico.png","contentUrl":"https:\/\/www.eleonoraanzini.com\/wp-content\/uploads\/2024\/01\/cropped-ico.png","width":512,"height":512,"caption":"Eleonora Anzini eleonoraanzini.com"},"image":{"@id":"https:\/\/www.eleonoraanzini.com\/it\/#\/schema\/logo\/image\/"},"sameAs":["https:\/\/www.facebook.com\/eleonoraanzinicom\/","https:\/\/x.com\/dogfacedboy","https:\/\/www.linkedin.com\/in\/eleonoraanzini\/","https:\/\/instagram.com\/eleonoraanzinicom","https:\/\/profiles.wordpress.org\/eleonoraanzini\/"]}]}},"_links":{"self":[{"href":"https:\/\/www.eleonoraanzini.com\/it\/wp-json\/wp\/v2\/pages\/20209649","targetHints":{"allow":["GET"]}}],"collection":[{"href":"https:\/\/www.eleonoraanzini.com\/it\/wp-json\/wp\/v2\/pages"}],"about":[{"href":"https:\/\/www.eleonoraanzini.com\/it\/wp-json\/wp\/v2\/types\/page"}],"author":[{"embeddable":true,"href":"https:\/\/www.eleonoraanzini.com\/it\/wp-json\/wp\/v2\/users\/4"}],"replies":[{"embeddable":true,"href":"https:\/\/www.eleonoraanzini.com\/it\/wp-json\/wp\/v2\/comments?post=20209649"}],"version-history":[{"count":2,"href":"https:\/\/www.eleonoraanzini.com\/it\/wp-json\/wp\/v2\/pages\/20209649\/revisions"}],"predecessor-version":[{"id":20209651,"href":"https:\/\/www.eleonoraanzini.com\/it\/wp-json\/wp\/v2\/pages\/20209649\/revisions\/20209651"}],"up":[{"embeddable":true,"href":"https:\/\/www.eleonoraanzini.com\/it\/wp-json\/wp\/v2\/pages\/20208576"}],"wp:attachment":[{"href":"https:\/\/www.eleonoraanzini.com\/it\/wp-json\/wp\/v2\/media?parent=20209649"}],"curies":[{"name":"wp","href":"https:\/\/api.w.org\/{rel}","templated":true}]}}